{"id":294,"date":"2018-11-30T14:59:49","date_gmt":"2018-11-30T13:59:49","guid":{"rendered":"https:\/\/thelma.mikado-themes.com\/?page_id=294"},"modified":"2024-09-06T14:22:59","modified_gmt":"2024-09-06T13:22:59","slug":"domaine","status":"publish","type":"page","link":"https:\/\/www.gourmandaz.ch\/wordpress\/domaine\/","title":{"rendered":"Le Domaine"},"content":{"rendered":"<p>[vc_row][vc_column width=\u00a0\u00bb1\/6&Prime;][\/vc_column][vc_column width=\u00a0\u00bb2\/3&Prime;][vc_empty_space][vc_empty_space]<div class=\"mkdf-section-title-holder  mkdf-st-standard mkdf-st-title-left mkdf-st-normal-space \" style=\"text-align: left\">\n\t<div class=\"mkdf-st-inner\">\n\t\t\t\t\t<span class=\"mkdf-st-subtitle\" >\n\t\t\t\tNotre Domaine\t\t\t<\/span>\n\t\t\t\t\t\t\t<h2 class=\"mkdf-st-title\" >\n\t\t\t\tDomaine de Gourmandaz\t\t\t<\/h2>\n\t\t\t\t\t\t\t<h4 class=\"mkdf-st-text\" >\n\t\t\t\tLe Domaine de Gourmandaz est id\u00e9alement situ\u00e9 au-dessus du Lac de Neuch\u00e2tel, en terre Vaudoise. Ce domaine de 7 hectares est cultiv\u00e9 avec passion et soin par Valentin Bourgeois et sa compagne, Alice Perdriolle.<br \/>\nNous nous engageons \u00e0 pratiquer une viticulture durable et respectueuse de l'environnement. Notre mission est de r\u00e9colter les meilleurs raisins possibles et d'en extraire le plus d\u00e9licieux des nectars. Nous croyons fermement que la qualit\u00e9 du vin commence dans les vignes, c'est pourquoi nous accordons une attention particuli\u00e8re \u00e0 la culture et \u00e0 la gestion des vignes. Nous souhaitons montrer que la passion, l'engagement envers la qualit\u00e9 et le respect de l'environnement peuvent se combiner pour produire d'excellents vins. Notre d\u00e9vouement se retrouve dans chaque bouteille produite, offrant aux amateurs de vin une d\u00e9gustation v\u00e9ritablement exceptionnelle.\t\t\t<\/h4>\n\t\t\t<\/div>\n<\/div>[\/vc_column][vc_column width=\u00a0\u00bb1\/6&Prime;][\/vc_column][\/vc_row][vc_row][vc_column]<div class=\"mkdf-roadmap  mkdf-roadmap-skin-dark\">\n    <div class=\"mkdf-roadmap-line\"><\/div>\n            <div class=\"mkdf-roadmap-inner-holder clearfix\">\n                    <div class=\"mkdf-roadmap-item mkdf-roadmap-item-below\">\n                <div class=\"mkdf-roadmap-item-slash-holder\">\n                    <div class=\"mkdf-roadmap-item-before-slash\"><\/div>\n                    <div class=\"mkdf-roadmap-item-slash\"><\/div>\n                    <div class=\"mkdf-roadmap-item-after-slash\"><\/div>\n                <\/div>\n                <div class=\"mkdf-roadmap-item-stage-title-holder\">\n                    <span class=\"mkdf-ris-title\">\n                        1776                    <\/span>\n                <\/div>\n                <div class=\"mkdf-roadmap-item-content-holder\" >\n                    <h6 class=\"mkdf-ric-title\">\n                        Premi\u00e8re mention du Domaine                    <\/h6>\n                    <div class=\"mkdf-ric-content\">\n                        M. de Meuron a remis au Gouverneur un morcel de vigne, lieu-dit \u00e0 la &quot;Gormandaz&quot; (ancien nom de la Gourmandaz)                    <\/div>\n                <\/div>\n            <\/div>\n                    <div class=\"mkdf-roadmap-item mkdf-roadmap-item-above\">\n                <div class=\"mkdf-roadmap-item-slash-holder\">\n                    <div class=\"mkdf-roadmap-item-before-slash\"><\/div>\n                    <div class=\"mkdf-roadmap-item-slash\"><\/div>\n                    <div class=\"mkdf-roadmap-item-after-slash\"><\/div>\n                <\/div>\n                <div class=\"mkdf-roadmap-item-stage-title-holder\">\n                    <span class=\"mkdf-ris-title\">\n                        1982                    <\/span>\n                <\/div>\n                <div class=\"mkdf-roadmap-item-content-holder\" >\n                    <h6 class=\"mkdf-ric-title\">\n                        Acquisition du Domaine                    <\/h6>\n                    <div class=\"mkdf-ric-content\">\n                        Le n\u00e9goce Bourgeois Vins ach\u00e8te le Domaine de Gourmandaz. Arriv\u00e9e de Didier Bourgeois sur le domaine comme chef de culture.                    <\/div>\n                <\/div>\n            <\/div>\n                    <div class=\"mkdf-roadmap-item mkdf-roadmap-item-below\">\n                <div class=\"mkdf-roadmap-item-slash-holder\">\n                    <div class=\"mkdf-roadmap-item-before-slash\"><\/div>\n                    <div class=\"mkdf-roadmap-item-slash\"><\/div>\n                    <div class=\"mkdf-roadmap-item-after-slash\"><\/div>\n                <\/div>\n                <div class=\"mkdf-roadmap-item-stage-title-holder\">\n                    <span class=\"mkdf-ris-title\">\n                        1995                    <\/span>\n                <\/div>\n                <div class=\"mkdf-roadmap-item-content-holder\" >\n                    <h6 class=\"mkdf-ric-title\">\n                        Ind\u00e9pendance du Domaine                    <\/h6>\n                    <div class=\"mkdf-ric-content\">\n                        S\u00e9paration du domaine et de l&#039;entreprise de n\u00e9goce.\nApr\u00e8s la vente de Bourgeois Vins, le domaine est d\u00e9finitivement rachet\u00e9 par la famille de Didier.                    <\/div>\n                <\/div>\n            <\/div>\n                    <div class=\"mkdf-roadmap-item mkdf-roadmap-item-above\">\n                <div class=\"mkdf-roadmap-item-slash-holder\">\n                    <div class=\"mkdf-roadmap-item-before-slash\"><\/div>\n                    <div class=\"mkdf-roadmap-item-slash\"><\/div>\n                    <div class=\"mkdf-roadmap-item-after-slash\"><\/div>\n                <\/div>\n                <div class=\"mkdf-roadmap-item-stage-title-holder\">\n                    <span class=\"mkdf-ris-title\">\n                        2003                    <\/span>\n                <\/div>\n                <div class=\"mkdf-roadmap-item-content-holder\" >\n                    <h6 class=\"mkdf-ric-title\">\n                        Construction du b\u00e2timent d&#039;exploitation                    <\/h6>\n                    <div class=\"mkdf-ric-content\">\n                        Fonctionnalit\u00e9, int\u00e9gration au paysage et circuits courts voici les contraintes donn\u00e9es par Didier lors de la construction. Le b\u00e2timent est \u00e9quip\u00e9 d&#039;une citerne de r\u00e9cup\u00e9ration d&#039;eau de pluie utilis\u00e9e lors des traitements et les divers nettoyages.                    <\/div>\n                <\/div>\n            <\/div>\n                    <div class=\"mkdf-roadmap-item mkdf-roadmap-item-below\">\n                <div class=\"mkdf-roadmap-item-slash-holder\">\n                    <div class=\"mkdf-roadmap-item-before-slash\"><\/div>\n                    <div class=\"mkdf-roadmap-item-slash\"><\/div>\n                    <div class=\"mkdf-roadmap-item-after-slash\"><\/div>\n                <\/div>\n                <div class=\"mkdf-roadmap-item-stage-title-holder\">\n                    <span class=\"mkdf-ris-title\">\n                        2006                    <\/span>\n                <\/div>\n                <div class=\"mkdf-roadmap-item-content-holder\" >\n                    <h6 class=\"mkdf-ric-title\">\n                        Retour aux sources                    <\/h6>\n                    <div class=\"mkdf-ric-content\">\n                        Apr\u00e8s plusieurs ann\u00e9es \u00e0 partager son temps entre le Domaine de Gourmandaz et un poste de directeur technique dans le monde viticole, Didier prend la d\u00e9cision de revenir \u00e0 100% \u00e0 Gourmandaz.                    <\/div>\n                <\/div>\n            <\/div>\n                    <div class=\"mkdf-roadmap-item mkdf-roadmap-item-above\">\n                <div class=\"mkdf-roadmap-item-slash-holder\">\n                    <div class=\"mkdf-roadmap-item-before-slash\"><\/div>\n                    <div class=\"mkdf-roadmap-item-slash\"><\/div>\n                    <div class=\"mkdf-roadmap-item-after-slash\"><\/div>\n                <\/div>\n                <div class=\"mkdf-roadmap-item-stage-title-holder\">\n                    <span class=\"mkdf-ris-title\">\n                        2019                    <\/span>\n                <\/div>\n                <div class=\"mkdf-roadmap-item-content-holder\" >\n                    <h6 class=\"mkdf-ric-title\">\n                        La succession                    <\/h6>\n                    <div class=\"mkdf-ric-content\">\n                        Effectuant sa formation de technicien du vin \u00e0 60% \u00e0 Changins, Valentin travaille sur le domaine \u00e0 40%. Les deux vignerons commencent \u00e0 penser \u00e0 l&#039;avenir\u2026                    <\/div>\n                <\/div>\n            <\/div>\n                    <div class=\"mkdf-roadmap-item mkdf-roadmap-item-below\">\n                <div class=\"mkdf-roadmap-item-slash-holder\">\n                    <div class=\"mkdf-roadmap-item-before-slash\"><\/div>\n                    <div class=\"mkdf-roadmap-item-slash\"><\/div>\n                    <div class=\"mkdf-roadmap-item-after-slash\"><\/div>\n                <\/div>\n                <div class=\"mkdf-roadmap-item-stage-title-holder\">\n                    <span class=\"mkdf-ris-title\">\n                                            <\/span>\n                <\/div>\n                <div class=\"mkdf-roadmap-item-content-holder\" >\n                    <h6 class=\"mkdf-ric-title\">\n                                            <\/h6>\n                    <div class=\"mkdf-ric-content\">\n                                            <\/div>\n                <\/div>\n            <\/div>\n                    <div class=\"mkdf-roadmap-item mkdf-roadmap-item-above\">\n                <div class=\"mkdf-roadmap-item-slash-holder\">\n                    <div class=\"mkdf-roadmap-item-before-slash\"><\/div>\n                    <div class=\"mkdf-roadmap-item-slash\"><\/div>\n                    <div class=\"mkdf-roadmap-item-after-slash\"><\/div>\n                <\/div>\n                <div class=\"mkdf-roadmap-item-stage-title-holder\">\n                    <span class=\"mkdf-ris-title\">\n                                            <\/span>\n                <\/div>\n                <div class=\"mkdf-roadmap-item-content-holder\" >\n                    <h6 class=\"mkdf-ric-title\">\n                                            <\/h6>\n                    <div class=\"mkdf-ric-content\">\n                                            <\/div>\n                <\/div>\n            <\/div>\n                <\/div>\n    \t<div class=\"mkdf-rm-nav-holder\">\n\t\t<div class=\"mkdf-rl-arrow-left\">\n\t\t\t<svg xmlns=\"http:\/\/www.w3.org\/2000\/svg\" xmlns:xlink=\"http:\/\/www.w3.org\/1999\/xlink\" x=\"0px\" y=\"0px\"\n\t\twidth=\"13\" height=\"23\" viewBox=\"0 0 15 29\" enable-background=\"new 0 0 15 29\" xml:space=\"preserve\">\n\t\t<g>\n\t\t\t<polygon fill=\"currentColor\" points=\"14.427,0.13 14.993,0.697 1.13,14.556 14.993,28.416 14.427,28.979 0,14.556 \t\"\/>\n\t\t<\/g>\n\t\t<\/svg>\t\t<\/div>\n\t\t<div class=\"mkdf-rl-arrow-right\">\n\t\t\t<svg xmlns=\"http:\/\/www.w3.org\/2000\/svg\" xmlns:xlink=\"http:\/\/www.w3.org\/1999\/xlink\" x=\"0px\" y=\"0px\"\n\t\twidth=\"13\" height=\"23\" viewBox=\"0 0 15 29\" enable-background=\"new 0 0 15 29\" xml:space=\"preserve\">\n\t\t<g>\n\t\t\t<polygon fill=\"currentColor\" points=\"14.427,0.13 14.993,0.697 1.13,14.556 14.993,28.416 14.427,28.979 0,14.556 \t\"\/>\n\t\t<\/g>\n\t\t<\/svg>\t\t<\/div>\n\t<\/div>\n<\/div>[\/vc_column][\/vc_row][vc_row css=\u00a0\u00bb.vc_custom_1545900441230{padding-bottom: 160px !important;}\u00a0\u00bb el_class=\u00a0\u00bbmkdf-custom-class-offset\u00a0\u00bb][vc_column width=\u00a0\u00bb1\/2&Prime;]<div class=\"mkdf-single-image-holder    \">\n    <div class=\"mkdf-si-inner\" >\n                                    <img loading=\"lazy\" decoding=\"async\" width=\"593\" height=\"594\" src=\"https:\/\/www.gourmandaz.ch\/wordpress\/wp-content\/uploads\/2020\/06\/DG_abeille.jpg\" class=\"attachment-full size-full\" alt=\"\" srcset=\"https:\/\/www.gourmandaz.ch\/wordpress\/wp-content\/uploads\/2020\/06\/DG_abeille.jpg 593w, https:\/\/www.gourmandaz.ch\/wordpress\/wp-content\/uploads\/2020\/06\/DG_abeille-300x300.jpg 300w, https:\/\/www.gourmandaz.ch\/wordpress\/wp-content\/uploads\/2020\/06\/DG_abeille-150x150.jpg 150w, https:\/\/www.gourmandaz.ch\/wordpress\/wp-content\/uploads\/2020\/06\/DG_abeille-555x556.jpg 555w, https:\/\/www.gourmandaz.ch\/wordpress\/wp-content\/uploads\/2020\/06\/DG_abeille-100x100.jpg 100w\" sizes=\"auto, (max-width: 593px) 100vw, 593px\" \/>                        <\/div>\n<\/div>[\/vc_column][vc_column width=\u00a0\u00bb1\/2&Prime;]<div class=\"mkdf-section-title-holder  mkdf-st-standard mkdf-st-title-left mkdf-st-normal-space \" >\n\t<div class=\"mkdf-st-inner\">\n\t\t\t\t\t<span class=\"mkdf-st-subtitle\" >\n\t\t\t\tEnvironnement\t\t\t<\/span>\n\t\t\t\t\t\t\t<h2 class=\"mkdf-st-title\" >\n\t\t\t\tNos pratiques\t\t\t<\/h2>\n\t\t\t\t\t\t\t<h4 class=\"mkdf-st-text\" >\n\t\t\t\tNotre r\u00e9gion poss\u00e8de une faune et une flore riche : la prot\u00e9ger repr\u00e9sente une valeur primordiale pour nous. Nous replantons des haies, des arbres fruitiers, cr\u00e9ons des murgiers de pierres et de bois pour que la faune y trouve refuge. La fauche de l\u2019herbe dans les rangs de vigne se fait de mani\u00e8re altern\u00e9e pour que les insectes puissent s\u2019\u00e9panouir, nous n\u2019utilisons plus d\u2019insecticides depuis 25 ans.\t\t\t<\/h4>\n\t\t\t<\/div>\n<\/div>[\/vc_column][\/vc_row][vc_row css=\u00a0\u00bb.vc_custom_1545900441230{padding-bottom: 160px !important;}\u00a0\u00bb el_class=\u00a0\u00bbmkdf-custom-class-offset\u00a0\u00bb][vc_column width=\u00a0\u00bb1\/2&Prime;]<div class=\"mkdf-section-title-holder  mkdf-st-standard mkdf-st-title-left mkdf-st-normal-space \" >\n\t<div class=\"mkdf-st-inner\">\n\t\t\t\t\t<span class=\"mkdf-st-subtitle\" >\n\t\t\t\tFaune\t\t\t<\/span>\n\t\t\t\t\t\t\t<h2 class=\"mkdf-st-title\" >\n\t\t\t\tSauvegarde des esp\u00e8ces\t\t\t<\/h2>\n\t\t\t\t\t\t\t<h4 class=\"mkdf-st-text\" >\n\t\t\t\tDepuis plus de 20 ans et en \u00e9troite collaboration avec les ornithologues de la r\u00e9gion nous installons des nichoirs dans nos vignes pour permettre aux oiseaux de se reproduire sereinement. Parmi nos \u00ab colocataires \u00bb nous comptons des torcols fourmilier, des huppes fasci\u00e9es, des faucons cr\u00e9cerelle, ou encore des chouettes effraie. En plus de b\u00e9n\u00e9ficier d\u2019un nid douillet ces oiseaux nous aident \u00e0 contr\u00f4ler la population de rongeurs, invert\u00e9br\u00e9s et insectes dans les vignes. Nous entretenons aussi le paysage en reconstruisant ou en r\u00e9parant les murs en pierres s\u00e8ches et, les capites de vignes.\t\t\t<\/h4>\n\t\t\t<\/div>\n<\/div>[\/vc_column][vc_column width=\u00a0\u00bb1\/2&Prime;]<div class=\"mkdf-single-image-holder    \">\n    <div class=\"mkdf-si-inner\" >\n                                    <img loading=\"lazy\" decoding=\"async\" width=\"593\" height=\"594\" src=\"https:\/\/www.gourmandaz.ch\/wordpress\/wp-content\/uploads\/2020\/06\/DG_chouette_effraie.jpg\" class=\"attachment-full size-full\" alt=\"\" srcset=\"https:\/\/www.gourmandaz.ch\/wordpress\/wp-content\/uploads\/2020\/06\/DG_chouette_effraie.jpg 593w, https:\/\/www.gourmandaz.ch\/wordpress\/wp-content\/uploads\/2020\/06\/DG_chouette_effraie-300x300.jpg 300w, https:\/\/www.gourmandaz.ch\/wordpress\/wp-content\/uploads\/2020\/06\/DG_chouette_effraie-150x150.jpg 150w, https:\/\/www.gourmandaz.ch\/wordpress\/wp-content\/uploads\/2020\/06\/DG_chouette_effraie-555x556.jpg 555w, https:\/\/www.gourmandaz.ch\/wordpress\/wp-content\/uploads\/2020\/06\/DG_chouette_effraie-100x100.jpg 100w\" sizes=\"auto, (max-width: 593px) 100vw, 593px\" \/>                        <\/div>\n<\/div>[\/vc_column][\/vc_row][vc_row css=\u00a0\u00bb.vc_custom_1545900441230{padding-bottom: 160px !important;}\u00a0\u00bb el_class=\u00a0\u00bbmkdf-custom-class-offset\u00a0\u00bb][vc_column width=\u00a0\u00bb1\/2&Prime;]<div class=\"mkdf-single-image-holder    \">\n    <div class=\"mkdf-si-inner\" >\n                                    <img loading=\"lazy\" decoding=\"async\" width=\"593\" height=\"594\" src=\"https:\/\/www.gourmandaz.ch\/wordpress\/wp-content\/uploads\/2020\/06\/DG_mur.jpg\" class=\"attachment-full size-full\" alt=\"\" srcset=\"https:\/\/www.gourmandaz.ch\/wordpress\/wp-content\/uploads\/2020\/06\/DG_mur.jpg 593w, https:\/\/www.gourmandaz.ch\/wordpress\/wp-content\/uploads\/2020\/06\/DG_mur-300x300.jpg 300w, https:\/\/www.gourmandaz.ch\/wordpress\/wp-content\/uploads\/2020\/06\/DG_mur-150x150.jpg 150w, https:\/\/www.gourmandaz.ch\/wordpress\/wp-content\/uploads\/2020\/06\/DG_mur-555x556.jpg 555w, https:\/\/www.gourmandaz.ch\/wordpress\/wp-content\/uploads\/2020\/06\/DG_mur-100x100.jpg 100w\" sizes=\"auto, (max-width: 593px) 100vw, 593px\" \/>                        <\/div>\n<\/div>[\/vc_column][vc_column width=\u00a0\u00bb1\/2&Prime;]<div class=\"mkdf-section-title-holder  mkdf-st-standard mkdf-st-title-left mkdf-st-normal-space \" >\n\t<div class=\"mkdf-st-inner\">\n\t\t\t\t\t<span class=\"mkdf-st-subtitle\" >\n\t\t\t\tActeurs locaux\t\t\t<\/span>\n\t\t\t\t\t\t\t<h2 class=\"mkdf-st-title\" >\n\t\t\t\tPartenariats\t\t\t<\/h2>\n\t\t\t\t\t\t\t<h4 class=\"mkdf-st-text\" >\n\t\t\t\tComme dans toute r\u00e9gion viticole nous c\u00f4toyons nos coll\u00e8gues viticulteurs au quotidien et nous nous associons pour acheter des machines viticoles : ceci nous permet de r\u00e9duire les co\u00fbts individuels \u00e0 l\u2019achat et donc de pouvoir s\u2019\u00e9quiper avec des machines plus performantes. Afin de favoriser les circuits courts, nous faisons \u00e9galement appel \u00e0 de nombreuses entreprises locales. Par exemple PolyVal \u00e0 Ste Croix qui nous fournit certains de nos cartons, l\u2019entreprise Marsens situ\u00e9e \u00e0 Fribourg pour l\u2019impression de nos \u00e9tiquettes, ou encore des artisans locaux dont nous vous faisons d\u00e9couvrir les fromages, charcuteries et bricelets lors de vos d\u00e9gustations au domaine.\t\t\t<\/h4>\n\t\t\t<\/div>\n<\/div>[\/vc_column][\/vc_row]<\/p>\n","protected":false},"excerpt":{"rendered":"<p>[vc_row][vc_column width=\u00a0\u00bb1\/6&Prime;][\/vc_column][vc_column width=\u00a0\u00bb2\/3&Prime;][vc_empty_space][vc_empty_space][\/vc_column][vc_column width=\u00a0\u00bb1\/6&Prime;][\/vc_column][\/vc_row][vc_row][vc_column][\/vc_column][\/vc_row][vc_row css=\u00a0\u00bb.vc_custom_1545900441230{padding-bottom: 160px !important;}\u00a0\u00bb el_class=\u00a0\u00bbmkdf-custom-class-offset\u00a0\u00bb][vc_column width=\u00a0\u00bb1\/2&Prime;][\/vc_column][vc_column width=\u00a0\u00bb1\/2&Prime;][\/vc_column][\/vc_row][vc_row css=\u00a0\u00bb.vc_custom_1545900441230{padding-bottom: 160px !important;}\u00a0\u00bb el_class=\u00a0\u00bbmkdf-custom-class-offset\u00a0\u00bb][vc_column width=\u00a0\u00bb1\/2&Prime;][\/vc_column][vc_column width=\u00a0\u00bb1\/2&Prime;][\/vc_column][\/vc_row][vc_row css=\u00a0\u00bb.vc_custom_1545900441230{padding-bottom: 160px !important;}\u00a0\u00bb el_class=\u00a0\u00bbmkdf-custom-class-offset\u00a0\u00bb][vc_column width=\u00a0\u00bb1\/2&Prime;][\/vc_column][vc_column width=\u00a0\u00bb1\/2&Prime;][\/vc_column][\/vc_row]<\/p>\n","protected":false},"author":1,"featured_media":0,"parent":0,"menu_order":0,"comment_status":"closed","ping_status":"closed","template":"full-width.php","meta":{"_acf_changed":false,"footnotes":""},"class_list":["post-294","page","type-page","status-publish","hentry"],"acf":[],"yoast_head":"<!-- This site is optimized with the Yoast SEO plugin v14.4.1 - https:\/\/yoast.com\/wordpress\/plugins\/seo\/ -->\n<title>Le Domaine &bull; Domaine de Gourmandaz<\/title>\n<meta name=\"robots\" content=\"index, follow\" \/>\n<meta name=\"googlebot\" content=\"index, follow, max-snippet:-1, max-image-preview:large, max-video-preview:-1\" \/>\n<meta name=\"bingbot\" content=\"index, follow, max-snippet:-1, max-image-preview:large, max-video-preview:-1\" \/>\n<link rel=\"canonical\" href=\"https:\/\/www.gourmandaz.ch\/wordpress\/domaine\/\" \/>\n<meta property=\"og:locale\" content=\"fr_FR\" \/>\n<meta property=\"og:type\" content=\"article\" \/>\n<meta property=\"og:title\" content=\"Le Domaine &bull; Domaine de Gourmandaz\" \/>\n<meta property=\"og:description\" content=\"[vc_row][vc_column width=\u00a0\u00bb1\/6&Prime;][\/vc_column][vc_column width=\u00a0\u00bb2\/3&Prime;][vc_empty_space][vc_empty_space][\/vc_column][vc_column width=\u00a0\u00bb1\/6&Prime;][\/vc_column][\/vc_row][vc_row][vc_column][\/vc_column][\/vc_row][vc_row css=\u00a0\u00bb.vc_custom_1545900441230{padding-bottom: 160px !important;}\u00a0\u00bb el_class=\u00a0\u00bbmkdf-custom-class-offset\u00a0\u00bb][vc_column width=\u00a0\u00bb1\/2&Prime;][\/vc_column][vc_column width=\u00a0\u00bb1\/2&Prime;][\/vc_column][\/vc_row][vc_row css=\u00a0\u00bb.vc_custom_1545900441230{padding-bottom: 160px !important;}\u00a0\u00bb el_class=\u00a0\u00bbmkdf-custom-class-offset\u00a0\u00bb][vc_column width=\u00a0\u00bb1\/2&Prime;][\/vc_column][vc_column width=\u00a0\u00bb1\/2&Prime;][\/vc_column][\/vc_row][vc_row css=\u00a0\u00bb.vc_custom_1545900441230{padding-bottom: 160px !important;}\u00a0\u00bb el_class=\u00a0\u00bbmkdf-custom-class-offset\u00a0\u00bb][vc_column width=\u00a0\u00bb1\/2&Prime;][\/vc_column][vc_column width=\u00a0\u00bb1\/2&Prime;][\/vc_column][\/vc_row]\" \/>\n<meta property=\"og:url\" content=\"https:\/\/www.gourmandaz.ch\/wordpress\/domaine\/\" \/>\n<meta property=\"og:site_name\" content=\"Domaine de Gourmandaz\" \/>\n<meta property=\"article:publisher\" content=\"https:\/\/fr-fr.facebook.com\/domaineGourmandaz\/\" \/>\n<meta property=\"article:author\" content=\"https:\/\/www.facebook.com\/domaineGourmandaz\/\" \/>\n<meta property=\"article:modified_time\" content=\"2024-09-06T13:22:59+00:00\" \/>\n<meta name=\"twitter:card\" content=\"summary_large_image\" \/>\n<script type=\"application\/ld+json\" class=\"yoast-schema-graph\">{\"@context\":\"https:\/\/schema.org\",\"@graph\":[{\"@type\":\"Organization\",\"@id\":\"https:\/\/www.gourmandaz.ch\/wordpress\/#organization\",\"name\":\"Domaine de Gourmandaz\",\"url\":\"https:\/\/www.gourmandaz.ch\/wordpress\/\",\"sameAs\":[\"https:\/\/fr-fr.facebook.com\/domaineGourmandaz\/\",\"https:\/\/www.instagram.com\/domainedegourmandaz\/\"],\"logo\":{\"@type\":\"ImageObject\",\"@id\":\"https:\/\/www.gourmandaz.ch\/wordpress\/#logo\",\"inLanguage\":\"fr-FR\",\"url\":\"https:\/\/www.gourmandaz.ch\/wordpress\/wp-content\/uploads\/2020\/06\/Logo_Gourmandaz_rouge_mobile.png\",\"width\":239,\"height\":95,\"caption\":\"Domaine de Gourmandaz\"},\"image\":{\"@id\":\"https:\/\/www.gourmandaz.ch\/wordpress\/#logo\"}},{\"@type\":\"WebSite\",\"@id\":\"https:\/\/www.gourmandaz.ch\/wordpress\/#website\",\"url\":\"https:\/\/www.gourmandaz.ch\/wordpress\/\",\"name\":\"Domaine de Gourmandaz\",\"description\":\"Qui sait d\\u00e9guster ne boit plus jamais des vins mais go\\u00fbte des secrets. Dali\",\"publisher\":{\"@id\":\"https:\/\/www.gourmandaz.ch\/wordpress\/#organization\"},\"potentialAction\":[{\"@type\":\"SearchAction\",\"target\":\"https:\/\/www.gourmandaz.ch\/wordpress\/?s={search_term_string}\",\"query-input\":\"required name=search_term_string\"}],\"inLanguage\":\"fr-FR\"},{\"@type\":\"WebPage\",\"@id\":\"https:\/\/www.gourmandaz.ch\/wordpress\/domaine\/#webpage\",\"url\":\"https:\/\/www.gourmandaz.ch\/wordpress\/domaine\/\",\"name\":\"Le Domaine &bull; Domaine de Gourmandaz\",\"isPartOf\":{\"@id\":\"https:\/\/www.gourmandaz.ch\/wordpress\/#website\"},\"datePublished\":\"2018-11-30T13:59:49+00:00\",\"dateModified\":\"2024-09-06T13:22:59+00:00\",\"inLanguage\":\"fr-FR\",\"potentialAction\":[{\"@type\":\"ReadAction\",\"target\":[\"https:\/\/www.gourmandaz.ch\/wordpress\/domaine\/\"]}]}]}<\/script>\n<!-- \/ Yoast SEO plugin. -->","_links":{"self":[{"href":"https:\/\/www.gourmandaz.ch\/wordpress\/wp-json\/wp\/v2\/pages\/294","targetHints":{"allow":["GET"]}}],"collection":[{"href":"https:\/\/www.gourmandaz.ch\/wordpress\/wp-json\/wp\/v2\/pages"}],"about":[{"href":"https:\/\/www.gourmandaz.ch\/wordpress\/wp-json\/wp\/v2\/types\/page"}],"author":[{"embeddable":true,"href":"https:\/\/www.gourmandaz.ch\/wordpress\/wp-json\/wp\/v2\/users\/1"}],"replies":[{"embeddable":true,"href":"https:\/\/www.gourmandaz.ch\/wordpress\/wp-json\/wp\/v2\/comments?post=294"}],"version-history":[{"count":52,"href":"https:\/\/www.gourmandaz.ch\/wordpress\/wp-json\/wp\/v2\/pages\/294\/revisions"}],"predecessor-version":[{"id":4980,"href":"https:\/\/www.gourmandaz.ch\/wordpress\/wp-json\/wp\/v2\/pages\/294\/revisions\/4980"}],"wp:attachment":[{"href":"https:\/\/www.gourmandaz.ch\/wordpress\/wp-json\/wp\/v2\/media?parent=294"}],"curies":[{"name":"wp","href":"https:\/\/api.w.org\/{rel}","templated":true}]}}