{"id":355,"date":"2018-12-03T11:12:44","date_gmt":"2018-12-03T10:12:44","guid":{"rendered":"https:\/\/thelma.mikado-themes.com\/?page_id=355"},"modified":"2023-12-29T11:26:56","modified_gmt":"2023-12-29T10:26:56","slug":"notre-equipe","status":"publish","type":"page","link":"https:\/\/www.gourmandaz.ch\/wordpress\/notre-equipe\/","title":{"rendered":"Notre Equipe"},"content":{"rendered":"<p>[vc_row row_content_width=\u00a0\u00bbgrid\u00a0\u00bb css=\u00a0\u00bb.vc_custom_1545397515905{padding-top: 150px !important;padding-bottom: 20px !important;}\u00a0\u00bb][vc_column offset=\u00a0\u00bbvc_col-lg-offset-2 vc_col-lg-8 vc_col-md-offset-1 vc_col-md-10 vc_col-sm-offset-0 vc_col-xs-12&Prime;]<div class=\"mkdf-section-title-holder  mkdf-st-standard mkdf-st-title-left mkdf-st-normal-space \" >\n\t<div class=\"mkdf-st-inner\">\n\t\t\t\t\t<span class=\"mkdf-st-subtitle\" >\n\t\t\t\tNotre \u00e9quipe\t\t\t<\/span>\n\t\t\t\t\t\t\t<h2 class=\"mkdf-st-title\" >\n\t\t\t\tD\u00e9couvrez nos vignerons\t\t\t<\/h2>\n\t\t\t\t\t\t\t<h4 class=\"mkdf-st-text\" >\n\t\t\t\tNous avons le plaisir de vous pr\u00e9senter notre \u00e9quipe, elle travaille chaque jour d'arrache pied pour chouchouter les vignes et ravir vos papilles.\t\t\t<\/h4>\n\t\t\t<\/div>\n<\/div>[vc_empty_space][\/vc_column][\/vc_row][vc_row][vc_column width=\u00a0\u00bb1\/4&Prime;][\/vc_column][vc_column width=\u00a0\u00bb1\/4&Prime;]<div class=\"mkdf-team-holder mkdf-team-info-below-image \">\n\t<div class=\"mkdf-team-inner\">\n\t\t\t\t\t<div class=\"mkdf-team-image\">\n                <img loading=\"lazy\" decoding=\"async\" width=\"598\" height=\"447\" src=\"https:\/\/www.gourmandaz.ch\/wordpress\/wp-content\/uploads\/2020\/06\/Valentin.jpg\" class=\"attachment-full size-full\" alt=\"\" srcset=\"https:\/\/www.gourmandaz.ch\/wordpress\/wp-content\/uploads\/2020\/06\/Valentin.jpg 598w, https:\/\/www.gourmandaz.ch\/wordpress\/wp-content\/uploads\/2020\/06\/Valentin-300x224.jpg 300w, https:\/\/www.gourmandaz.ch\/wordpress\/wp-content\/uploads\/2020\/06\/Valentin-150x112.jpg 150w, https:\/\/www.gourmandaz.ch\/wordpress\/wp-content\/uploads\/2020\/06\/Valentin-555x415.jpg 555w\" sizes=\"auto, (max-width: 598px) 100vw, 598px\" \/>\t\t\t\t\t\t\t\t\t\t\t<\/div>\n\t\t\t\t<div class=\"mkdf-team-info\">\n\t\t\t\t\t\t\t<h3 class=\"mkdf-team-name\" >Valentin Bourgeois<\/h3>\n\t\t\t\t\t\t\t\t\t\t<span class=\"mkdf-team-position\" >Technicien Vitivinicole<\/span>\n\t\t\t\t\t\t\t\t\t\t<p class=\"mkdf-team-text\" >C&#039;est gr\u00e2ce \u00e0 son papa que Valentin attrape la passion de la vigne et du vin. Il obtient son CFC de Viticulteur, haut la main, \u00e0 Marcellin en 2019 et il suit actuellement les cours de l&#039;\u00e9cole sup\u00e9rieure de Changins. C&#039;est plein d&#039;envie et de projet qu&#039;il revient travailler sur le domaine en parall\u00e8le de ses \u00e9tudes. La plantation de nouveaux c\u00e9pages et la construction d&#039;une cave sont, en autres, des projets qui lui tiennent particuli\u00e8rement \u00e0 coeur.<\/p>\n\t\t\t\t\t<\/div>\n\t<\/div>\n<\/div>[\/vc_column][vc_column width=\u00a0\u00bb1\/4&Prime;]<div class=\"mkdf-team-holder mkdf-team-info-below-image \">\n\t<div class=\"mkdf-team-inner\">\n\t\t\t\t\t<div class=\"mkdf-team-image\">\n                <img loading=\"lazy\" decoding=\"async\" width=\"598\" height=\"447\" src=\"https:\/\/www.gourmandaz.ch\/wordpress\/wp-content\/uploads\/2020\/06\/Alice.jpg\" class=\"attachment-full size-full\" alt=\"\" srcset=\"https:\/\/www.gourmandaz.ch\/wordpress\/wp-content\/uploads\/2020\/06\/Alice.jpg 598w, https:\/\/www.gourmandaz.ch\/wordpress\/wp-content\/uploads\/2020\/06\/Alice-300x224.jpg 300w, https:\/\/www.gourmandaz.ch\/wordpress\/wp-content\/uploads\/2020\/06\/Alice-150x112.jpg 150w, https:\/\/www.gourmandaz.ch\/wordpress\/wp-content\/uploads\/2020\/06\/Alice-555x415.jpg 555w\" sizes=\"auto, (max-width: 598px) 100vw, 598px\" \/>\t\t\t\t\t\t\t\t\t\t\t<\/div>\n\t\t\t\t<div class=\"mkdf-team-info\">\n\t\t\t\t\t\t\t<h3 class=\"mkdf-team-name\" >Alice Perdriolle<\/h3>\n\t\t\t\t\t\t\t\t\t\t<span class=\"mkdf-team-position\" >Ing\u00e9nieure \u0153nologue et viticultrice<\/span>\n\t\t\t\t\t\t\t\t\t\t<p class=\"mkdf-team-text\" >Originaire du sud de la France, Alice a grandi entour\u00e9e des vignes du Luberon et du Ventoux. Apr\u00e8s avoir obtenu un Bachelor en Chimie \u00e0 Avignon elle d\u00e9cide de vivre sa passion et quitte la France pour venir \u00e9tudier \u00e0 Changins. Dipl\u00f4m\u00e9e ing\u00e9nieure Oenologue et Viticultrice en 2018 elle rejoint l&#039;\u00e9quipe du domaine en 2019. En plus de travailler dans la vigne, c&#039;est gr\u00e2ce \u00e0 elle que vous pouvez partager notre quotidien sur les r\u00e9seaux sociaux.<\/p>\n\t\t\t\t\t<\/div>\n\t<\/div>\n<\/div>[\/vc_column][vc_column width=\u00a0\u00bb1\/4&Prime;][\/vc_column][\/vc_row][vc_row][vc_column width=\u00a0\u00bb1\/5&Prime;][\/vc_column][vc_column width=\u00a0\u00bb1\/5&Prime;][\/vc_column][vc_column width=\u00a0\u00bb1\/5&Prime;][vc_empty_space]<div class=\"mkdf-team-holder mkdf-team-info-below-image \">\n\t<div class=\"mkdf-team-inner\">\n\t\t\t\t\t<div class=\"mkdf-team-image\">\n                <img loading=\"lazy\" decoding=\"async\" width=\"598\" height=\"447\" src=\"https:\/\/www.gourmandaz.ch\/wordpress\/wp-content\/uploads\/2020\/06\/Didier.jpg\" class=\"attachment-full size-full\" alt=\"\" srcset=\"https:\/\/www.gourmandaz.ch\/wordpress\/wp-content\/uploads\/2020\/06\/Didier.jpg 598w, https:\/\/www.gourmandaz.ch\/wordpress\/wp-content\/uploads\/2020\/06\/Didier-300x224.jpg 300w, https:\/\/www.gourmandaz.ch\/wordpress\/wp-content\/uploads\/2020\/06\/Didier-150x112.jpg 150w, https:\/\/www.gourmandaz.ch\/wordpress\/wp-content\/uploads\/2020\/06\/Didier-555x415.jpg 555w\" sizes=\"auto, (max-width: 598px) 100vw, 598px\" \/>\t\t\t\t\t\t\t\t\t\t\t<\/div>\n\t\t\t\t<div class=\"mkdf-team-info\">\n\t\t\t\t\t\t\t<h3 class=\"mkdf-team-name\" >Didier Bourgeois<\/h3>\n\t\t\t\t\t\t\t\t\t\t<span class=\"mkdf-team-position\" >Ma\u00eetre Vigneron<\/span>\n\t\t\t\t\t\t\t\t\t\t<p class=\"mkdf-team-text\" >Issu d&#039;une famille de n\u00e9gociants en vin, Didier Bourgeois a tout d&#039;abord commenc\u00e9 sa vie professionnelle en tant qu&#039;infirmier. En 1982 il d\u00e9cide de se convertir pour faire perdurer le domaine familial : il se forme \u00e0 Changins et obtient son dipl\u00f4me de ``Maitre Viticulteur``. tout en s&#039;occupant le domaine, il entreprend ensuite une formation \u00e0 l&#039;Uni de Neuch\u00e2tel en \u00e9cologie et sciences de l&#039;environnement : le Domaine de Gourmandaz devient alors une entreprise pilote pour le d\u00e9veloppement durable en viticulture ce qui aboutira \u00e0 la cr\u00e9ation d&#039;une charte Suisse appliqu\u00e9e aujourd&#039;hui par de nombreux vignerons.<\/p>\n\t\t\t\t\t<\/div>\n\t<\/div>\n<\/div>[\/vc_column][vc_column width=\u00a0\u00bb1\/5&Prime;][\/vc_column][vc_column width=\u00a0\u00bb1\/5&Prime;][\/vc_column][\/vc_row][vc_row row_content_width=\u00a0\u00bbgrid\u00a0\u00bb css=\u00a0\u00bb.vc_custom_1545397515905{padding-top: 150px !important;padding-bottom: 20px !important;}\u00a0\u00bb][vc_column offset=\u00a0\u00bbvc_col-lg-offset-2 vc_col-lg-8 vc_col-md-offset-1 vc_col-md-10 vc_col-sm-offset-0 vc_col-xs-12&Prime;]<div class=\"mkdf-section-title-holder  mkdf-st-standard mkdf-st-title-left mkdf-st-normal-space \" >\n\t<div class=\"mkdf-st-inner\">\n\t\t\t\t\t<span class=\"mkdf-st-subtitle\" >\n\t\t\t\tNotre \u00e9quipe\t\t\t<\/span>\n\t\t\t\t\t\t\t<h2 class=\"mkdf-st-title\" >\n\t\t\t\tLes petites mains\t\t\t<\/h2>\n\t\t\t\t\t\t\t<h4 class=\"mkdf-st-text\" >\n\t\t\t\tNous n'oublions pas l'aide pr\u00e9cieuse de nos travailleurs saisonniers. Pour l\u2019\u00e9bourgeonnage, les travaux de la feuille et les vendanges notre \u00e9quipe s\u2019agrandit !\t\t\t<\/h4>\n\t\t\t<\/div>\n<\/div>[vc_empty_space][\/vc_column][\/vc_row][vc_row][vc_column width=\u00a0\u00bb1\/3&Prime;][\/vc_column][vc_column width=\u00a0\u00bb1\/3&Prime;]<div class=\"mkdf-single-image-holder    \">\n    <div class=\"mkdf-si-inner\" >\n                                    <img loading=\"lazy\" decoding=\"async\" src=\"https:\/\/www.gourmandaz.ch\/wordpress\/wp-content\/uploads\/2023\/12\/Domaine-de-Gourmandaz_123-scaled-532x355.jpg\" alt=\"\" width=\"532\" height=\"355\" \/>                        <\/div>\n<\/div>[vc_empty_space][\/vc_column][vc_column width=\u00a0\u00bb1\/3&Prime;][\/vc_column][\/vc_row]<\/p>\n","protected":false},"excerpt":{"rendered":"<p>[vc_row row_content_width=\u00a0\u00bbgrid\u00a0\u00bb css=\u00a0\u00bb.vc_custom_1545397515905{padding-top: 150px !important;padding-bottom: 20px !important;}\u00a0\u00bb][vc_column offset=\u00a0\u00bbvc_col-lg-offset-2 vc_col-lg-8 vc_col-md-offset-1 vc_col-md-10 vc_col-sm-offset-0 vc_col-xs-12&Prime;][vc_empty_space][\/vc_column][\/vc_row][vc_row][vc_column width=\u00a0\u00bb1\/4&Prime;][\/vc_column][vc_column width=\u00a0\u00bb1\/4&Prime;][\/vc_column][vc_column width=\u00a0\u00bb1\/4&Prime;][\/vc_column][vc_column width=\u00a0\u00bb1\/4&Prime;][\/vc_column][\/vc_row][vc_row][vc_column width=\u00a0\u00bb1\/5&Prime;][\/vc_column][vc_column width=\u00a0\u00bb1\/5&Prime;][\/vc_column][vc_column width=\u00a0\u00bb1\/5&Prime;][vc_empty_space][\/vc_column][vc_column width=\u00a0\u00bb1\/5&Prime;][\/vc_column][vc_column width=\u00a0\u00bb1\/5&Prime;][\/vc_column][\/vc_row][vc_row row_content_width=\u00a0\u00bbgrid\u00a0\u00bb css=\u00a0\u00bb.vc_custom_1545397515905{padding-top: 150px !important;padding-bottom: 20px !important;}\u00a0\u00bb][vc_column offset=\u00a0\u00bbvc_col-lg-offset-2 vc_col-lg-8 vc_col-md-offset-1 vc_col-md-10 vc_col-sm-offset-0 vc_col-xs-12&Prime;][vc_empty_space][\/vc_column][\/vc_row][vc_row][vc_column width=\u00a0\u00bb1\/3&Prime;][\/vc_column][vc_column width=\u00a0\u00bb1\/3&Prime;][vc_empty_space][\/vc_column][vc_column width=\u00a0\u00bb1\/3&Prime;][\/vc_column][\/vc_row]<\/p>\n","protected":false},"author":1,"featured_media":0,"parent":0,"menu_order":0,"comment_status":"closed","ping_status":"closed","template":"full-width.php","meta":{"_acf_changed":false,"footnotes":""},"class_list":["post-355","page","type-page","status-publish","hentry"],"acf":[],"yoast_head":"<!-- This site is optimized with the Yoast SEO plugin v14.4.1 - https:\/\/yoast.com\/wordpress\/plugins\/seo\/ -->\n<title>Notre Equipe &bull; Domaine de Gourmandaz<\/title>\n<meta name=\"robots\" content=\"index, follow\" \/>\n<meta name=\"googlebot\" content=\"index, follow, max-snippet:-1, max-image-preview:large, max-video-preview:-1\" \/>\n<meta name=\"bingbot\" content=\"index, follow, max-snippet:-1, max-image-preview:large, max-video-preview:-1\" \/>\n<link rel=\"canonical\" href=\"https:\/\/www.gourmandaz.ch\/wordpress\/notre-equipe\/\" \/>\n<meta property=\"og:locale\" content=\"fr_FR\" \/>\n<meta property=\"og:type\" content=\"article\" \/>\n<meta property=\"og:title\" content=\"Notre Equipe &bull; Domaine de Gourmandaz\" \/>\n<meta property=\"og:description\" content=\"[vc_row row_content_width=\u00a0\u00bbgrid\u00a0\u00bb css=\u00a0\u00bb.vc_custom_1545397515905{padding-top: 150px !important;padding-bottom: 20px !important;}\u00a0\u00bb][vc_column offset=\u00a0\u00bbvc_col-lg-offset-2 vc_col-lg-8 vc_col-md-offset-1 vc_col-md-10 vc_col-sm-offset-0 vc_col-xs-12&Prime;][vc_empty_space][\/vc_column][\/vc_row][vc_row][vc_column width=\u00a0\u00bb1\/4&Prime;][\/vc_column][vc_column width=\u00a0\u00bb1\/4&Prime;][\/vc_column][vc_column width=\u00a0\u00bb1\/4&Prime;][\/vc_column][vc_column width=\u00a0\u00bb1\/4&Prime;][\/vc_column][\/vc_row][vc_row][vc_column width=\u00a0\u00bb1\/5&Prime;][\/vc_column][vc_column width=\u00a0\u00bb1\/5&Prime;][\/vc_column][vc_column width=\u00a0\u00bb1\/5&Prime;][vc_empty_space][\/vc_column][vc_column width=\u00a0\u00bb1\/5&Prime;][\/vc_column][vc_column width=\u00a0\u00bb1\/5&Prime;][\/vc_column][\/vc_row][vc_row row_content_width=\u00a0\u00bbgrid\u00a0\u00bb css=\u00a0\u00bb.vc_custom_1545397515905{padding-top: 150px !important;padding-bottom: 20px !important;}\u00a0\u00bb][vc_column offset=\u00a0\u00bbvc_col-lg-offset-2 vc_col-lg-8 vc_col-md-offset-1 vc_col-md-10 vc_col-sm-offset-0 vc_col-xs-12&Prime;][vc_empty_space][\/vc_column][\/vc_row][vc_row][vc_column width=\u00a0\u00bb1\/3&Prime;][\/vc_column][vc_column width=\u00a0\u00bb1\/3&Prime;][vc_empty_space][\/vc_column][vc_column width=\u00a0\u00bb1\/3&Prime;][\/vc_column][\/vc_row]\" \/>\n<meta property=\"og:url\" content=\"https:\/\/www.gourmandaz.ch\/wordpress\/notre-equipe\/\" \/>\n<meta property=\"og:site_name\" content=\"Domaine de Gourmandaz\" \/>\n<meta property=\"article:publisher\" content=\"https:\/\/fr-fr.facebook.com\/domaineGourmandaz\/\" \/>\n<meta property=\"article:author\" content=\"https:\/\/www.facebook.com\/domaineGourmandaz\/\" \/>\n<meta property=\"article:modified_time\" content=\"2023-12-29T10:26:56+00:00\" \/>\n<meta name=\"twitter:card\" content=\"summary_large_image\" \/>\n<script type=\"application\/ld+json\" class=\"yoast-schema-graph\">{\"@context\":\"https:\/\/schema.org\",\"@graph\":[{\"@type\":\"Organization\",\"@id\":\"https:\/\/www.gourmandaz.ch\/wordpress\/#organization\",\"name\":\"Domaine de Gourmandaz\",\"url\":\"https:\/\/www.gourmandaz.ch\/wordpress\/\",\"sameAs\":[\"https:\/\/fr-fr.facebook.com\/domaineGourmandaz\/\",\"https:\/\/www.instagram.com\/domainedegourmandaz\/\"],\"logo\":{\"@type\":\"ImageObject\",\"@id\":\"https:\/\/www.gourmandaz.ch\/wordpress\/#logo\",\"inLanguage\":\"fr-FR\",\"url\":\"https:\/\/www.gourmandaz.ch\/wordpress\/wp-content\/uploads\/2020\/06\/Logo_Gourmandaz_rouge_mobile.png\",\"width\":239,\"height\":95,\"caption\":\"Domaine de Gourmandaz\"},\"image\":{\"@id\":\"https:\/\/www.gourmandaz.ch\/wordpress\/#logo\"}},{\"@type\":\"WebSite\",\"@id\":\"https:\/\/www.gourmandaz.ch\/wordpress\/#website\",\"url\":\"https:\/\/www.gourmandaz.ch\/wordpress\/\",\"name\":\"Domaine de Gourmandaz\",\"description\":\"Qui sait d\\u00e9guster ne boit plus jamais des vins mais go\\u00fbte des secrets. Dali\",\"publisher\":{\"@id\":\"https:\/\/www.gourmandaz.ch\/wordpress\/#organization\"},\"potentialAction\":[{\"@type\":\"SearchAction\",\"target\":\"https:\/\/www.gourmandaz.ch\/wordpress\/?s={search_term_string}\",\"query-input\":\"required name=search_term_string\"}],\"inLanguage\":\"fr-FR\"},{\"@type\":\"WebPage\",\"@id\":\"https:\/\/www.gourmandaz.ch\/wordpress\/notre-equipe\/#webpage\",\"url\":\"https:\/\/www.gourmandaz.ch\/wordpress\/notre-equipe\/\",\"name\":\"Notre Equipe &bull; Domaine de Gourmandaz\",\"isPartOf\":{\"@id\":\"https:\/\/www.gourmandaz.ch\/wordpress\/#website\"},\"datePublished\":\"2018-12-03T10:12:44+00:00\",\"dateModified\":\"2023-12-29T10:26:56+00:00\",\"inLanguage\":\"fr-FR\",\"potentialAction\":[{\"@type\":\"ReadAction\",\"target\":[\"https:\/\/www.gourmandaz.ch\/wordpress\/notre-equipe\/\"]}]}]}<\/script>\n<!-- \/ Yoast SEO plugin. -->","_links":{"self":[{"href":"https:\/\/www.gourmandaz.ch\/wordpress\/wp-json\/wp\/v2\/pages\/355","targetHints":{"allow":["GET"]}}],"collection":[{"href":"https:\/\/www.gourmandaz.ch\/wordpress\/wp-json\/wp\/v2\/pages"}],"about":[{"href":"https:\/\/www.gourmandaz.ch\/wordpress\/wp-json\/wp\/v2\/types\/page"}],"author":[{"embeddable":true,"href":"https:\/\/www.gourmandaz.ch\/wordpress\/wp-json\/wp\/v2\/users\/1"}],"replies":[{"embeddable":true,"href":"https:\/\/www.gourmandaz.ch\/wordpress\/wp-json\/wp\/v2\/comments?post=355"}],"version-history":[{"count":22,"href":"https:\/\/www.gourmandaz.ch\/wordpress\/wp-json\/wp\/v2\/pages\/355\/revisions"}],"predecessor-version":[{"id":4938,"href":"https:\/\/www.gourmandaz.ch\/wordpress\/wp-json\/wp\/v2\/pages\/355\/revisions\/4938"}],"wp:attachment":[{"href":"https:\/\/www.gourmandaz.ch\/wordpress\/wp-json\/wp\/v2\/media?parent=355"}],"curies":[{"name":"wp","href":"https:\/\/api.w.org\/{rel}","templated":true}]}}