{"id":40,"date":"2020-01-01T17:40:21","date_gmt":"2020-01-01T16:40:21","guid":{"rendered":"http:\/\/www.gourmandaz.ch\/wordpress\/?post_type=product&#038;p=40"},"modified":"2025-05-09T07:23:49","modified_gmt":"2025-05-09T06:23:49","slug":"patrimoine-rouge","status":"publish","type":"product","link":"https:\/\/www.gourmandaz.ch\/wordpress\/produit\/patrimoine-rouge\/","title":{"rendered":"Patrimoine Rouge"},"content":{"rendered":"<p>Ce <strong> Patrimoine Rouge AOC Bonvillars<\/strong>, est un assemblage de garanoir, gamaret &amp; pinot noir. C&rsquo;est pourquoi l&rsquo;\u00e9quilibre de ces trois c\u00e9pages, entre corps et fruits, conf\u00e8re \u00e0 ce vin une polyvalence tr\u00e8s appr\u00e9ci\u00e9e.<\/p>\n<p><strong>Vinification<\/strong><br \/>\nChaque c\u00e9page est cueilli et vinifi\u00e9 s\u00e9par\u00e9ment afin de conserver les sp\u00e9cificit\u00e9s de chacun. Mac\u00e9ration longue, Pressurage doux.<br \/>\n\u00c9levage en barrique de 10 \u00e0 12 mois en fonction du mill\u00e9sime.<\/p>\n","protected":false},"excerpt":{"rendered":"<p><strong>Mill\u00e9sime :<\/strong> 2021, M\u00e9daill\u00e9 d&rsquo;Argent \u00e0 la S\u00e9lection des Vins Vaudois 2023<br \/>\n<strong>Appellation :<\/strong> AOC Bonvillars<br \/>\n<strong>C\u00e9pages :<\/strong> Garanoir, Gamaret &amp; Pinot Noir<br \/>\n13.3%vol.<\/p>\n<p><strong>Notes de d\u00e9gustation :<\/strong><\/p>\n<p style=\"padding-left: 0px;\">Robe : Rouge aux reflets noir<br \/>\nNez : Poivr\u00e9, violette, cuir &amp; torr\u00e9faction<br \/>\nBouche : Ample, tannique et \u00e9pic\u00e9e<\/p>\n<p>&nbsp;<\/p>\n<p><strong>Accords mets et vin :<\/strong><\/p>\n<p style=\"padding-left: 0px;\">Notre Patrimoine Rouge est parfait pour accompagner les viandes rouges, les civets ainsi que les fromages cors\u00e9s. Il s&rsquo;allie \u00e0 merveille avec les desserts au chocolat ainsi que ceux aux fruits rouges.<\/p>\n<p>&nbsp;<\/p>\n<p><strong>Service :<\/strong> Chambr\u00e9 \u00e0 15-17 C\u00b0<br \/>\n<strong>Garde :<\/strong> A boire dans les 10 ans<\/p>\n<p><strong>Bouteille :<\/strong> 70cl, bouchon li\u00e8ge<br \/>\n<strong>Carton :<\/strong> 6bt<\/p>\n<p><em>Contient des sulfites.<\/em><\/p>\n","protected":false},"featured_media":4376,"comment_status":"open","ping_status":"closed","template":"","meta":{"_acf_changed":false},"product_brand":[],"product_cat":[23],"product_tag":[],"class_list":{"0":"post-40","1":"product","2":"type-product","3":"status-publish","4":"has-post-thumbnail","6":"product_cat-rouge","8":"first","9":"instock","10":"taxable","11":"shipping-taxable","12":"purchasable","13":"product-type-simple"},"acf":[],"yoast_head":"<!-- This site is optimized with the Yoast SEO plugin v14.4.1 - https:\/\/yoast.com\/wordpress\/plugins\/seo\/ -->\n<title>Patrimoine Rouge &bull; Domaine de Gourmandaz<\/title>\n<meta name=\"robots\" content=\"index, follow\" \/>\n<meta name=\"googlebot\" content=\"index, follow, max-snippet:-1, max-image-preview:large, max-video-preview:-1\" \/>\n<meta name=\"bingbot\" content=\"index, follow, max-snippet:-1, max-image-preview:large, max-video-preview:-1\" \/>\n<link rel=\"canonical\" href=\"https:\/\/www.gourmandaz.ch\/wordpress\/produit\/patrimoine-rouge\/\" \/>\n<meta property=\"og:locale\" content=\"fr_FR\" \/>\n<meta property=\"og:type\" content=\"article\" \/>\n<meta property=\"og:title\" content=\"Patrimoine Rouge &bull; Domaine de Gourmandaz\" \/>\n<meta property=\"og:description\" content=\"Mill\u00e9sime : 2021, M\u00e9daill\u00e9 d&#039;Argent \u00e0 la S\u00e9lection des Vins Vaudois 2023 Appellation : AOC Bonvillars C\u00e9pages : Garanoir, Gamaret &amp; Pinot Noir 13.3%vol.  Notes de d\u00e9gustation : Robe : Rouge aux reflets noir Nez : Poivr\u00e9, violette, cuir &amp; torr\u00e9faction Bouche : Ample, tannique et \u00e9pic\u00e9e &nbsp;  Accords mets et vin : Notre Patrimoine Rouge est parfait pour accompagner les viandes rouges, les civets ainsi que les fromages cors\u00e9s. Il s&#039;allie \u00e0 merveille avec les desserts au chocolat ainsi que ceux aux fruits rouges. &nbsp;  Service : Chambr\u00e9 \u00e0 15-17 C\u00b0 Garde : A boire dans les 10 ans  Bouteille : 70cl, bouchon li\u00e8ge Carton : 6bt  Contient des sulfites.\" \/>\n<meta property=\"og:url\" content=\"https:\/\/www.gourmandaz.ch\/wordpress\/produit\/patrimoine-rouge\/\" \/>\n<meta property=\"og:site_name\" content=\"Domaine de Gourmandaz\" \/>\n<meta property=\"article:publisher\" content=\"https:\/\/fr-fr.facebook.com\/domaineGourmandaz\/\" \/>\n<meta property=\"article:author\" content=\"https:\/\/www.facebook.com\/domaineGourmandaz\/\" \/>\n<meta property=\"article:modified_time\" content=\"2025-05-09T06:23:49+00:00\" \/>\n<meta property=\"og:image\" content=\"https:\/\/www.gourmandaz.ch\/wordpress\/wp-content\/uploads\/2020\/06\/DG_Patrimoine-rouge-scaled.jpg\" \/>\n\t<meta property=\"og:image:width\" content=\"1707\" \/>\n\t<meta property=\"og:image:height\" content=\"2560\" \/>\n<meta name=\"twitter:card\" content=\"summary_large_image\" \/>\n<script type=\"application\/ld+json\" class=\"yoast-schema-graph\">{\"@context\":\"https:\/\/schema.org\",\"@graph\":[{\"@type\":\"Organization\",\"@id\":\"https:\/\/www.gourmandaz.ch\/wordpress\/#organization\",\"name\":\"Domaine de Gourmandaz\",\"url\":\"https:\/\/www.gourmandaz.ch\/wordpress\/\",\"sameAs\":[\"https:\/\/fr-fr.facebook.com\/domaineGourmandaz\/\",\"https:\/\/www.instagram.com\/domainedegourmandaz\/\"],\"logo\":{\"@type\":\"ImageObject\",\"@id\":\"https:\/\/www.gourmandaz.ch\/wordpress\/#logo\",\"inLanguage\":\"fr-FR\",\"url\":\"https:\/\/www.gourmandaz.ch\/wordpress\/wp-content\/uploads\/2020\/06\/Logo_Gourmandaz_rouge_mobile.png\",\"width\":239,\"height\":95,\"caption\":\"Domaine de Gourmandaz\"},\"image\":{\"@id\":\"https:\/\/www.gourmandaz.ch\/wordpress\/#logo\"}},{\"@type\":\"WebSite\",\"@id\":\"https:\/\/www.gourmandaz.ch\/wordpress\/#website\",\"url\":\"https:\/\/www.gourmandaz.ch\/wordpress\/\",\"name\":\"Domaine de Gourmandaz\",\"description\":\"Qui sait d\\u00e9guster ne boit plus jamais des vins mais go\\u00fbte des secrets. Dali\",\"publisher\":{\"@id\":\"https:\/\/www.gourmandaz.ch\/wordpress\/#organization\"},\"potentialAction\":[{\"@type\":\"SearchAction\",\"target\":\"https:\/\/www.gourmandaz.ch\/wordpress\/?s={search_term_string}\",\"query-input\":\"required name=search_term_string\"}],\"inLanguage\":\"fr-FR\"},{\"@type\":\"ImageObject\",\"@id\":\"https:\/\/www.gourmandaz.ch\/wordpress\/produit\/patrimoine-rouge\/#primaryimage\",\"inLanguage\":\"fr-FR\",\"url\":\"https:\/\/www.gourmandaz.ch\/wordpress\/wp-content\/uploads\/2020\/06\/DG_Patrimoine-rouge-scaled.jpg\",\"width\":1707,\"height\":2560},{\"@type\":\"WebPage\",\"@id\":\"https:\/\/www.gourmandaz.ch\/wordpress\/produit\/patrimoine-rouge\/#webpage\",\"url\":\"https:\/\/www.gourmandaz.ch\/wordpress\/produit\/patrimoine-rouge\/\",\"name\":\"Patrimoine Rouge &bull; Domaine de Gourmandaz\",\"isPartOf\":{\"@id\":\"https:\/\/www.gourmandaz.ch\/wordpress\/#website\"},\"primaryImageOfPage\":{\"@id\":\"https:\/\/www.gourmandaz.ch\/wordpress\/produit\/patrimoine-rouge\/#primaryimage\"},\"datePublished\":\"2020-01-01T16:40:21+00:00\",\"dateModified\":\"2025-05-09T06:23:49+00:00\",\"inLanguage\":\"fr-FR\",\"potentialAction\":[{\"@type\":\"ReadAction\",\"target\":[\"https:\/\/www.gourmandaz.ch\/wordpress\/produit\/patrimoine-rouge\/\"]}]}]}<\/script>\n<!-- \/ Yoast SEO plugin. -->","_links":{"self":[{"href":"https:\/\/www.gourmandaz.ch\/wordpress\/wp-json\/wp\/v2\/product\/40","targetHints":{"allow":["GET"]}}],"collection":[{"href":"https:\/\/www.gourmandaz.ch\/wordpress\/wp-json\/wp\/v2\/product"}],"about":[{"href":"https:\/\/www.gourmandaz.ch\/wordpress\/wp-json\/wp\/v2\/types\/product"}],"replies":[{"embeddable":true,"href":"https:\/\/www.gourmandaz.ch\/wordpress\/wp-json\/wp\/v2\/comments?post=40"}],"wp:featuredmedia":[{"embeddable":true,"href":"https:\/\/www.gourmandaz.ch\/wordpress\/wp-json\/wp\/v2\/media\/4376"}],"wp:attachment":[{"href":"https:\/\/www.gourmandaz.ch\/wordpress\/wp-json\/wp\/v2\/media?parent=40"}],"wp:term":[{"taxonomy":"product_brand","embeddable":true,"href":"https:\/\/www.gourmandaz.ch\/wordpress\/wp-json\/wp\/v2\/product_brand?post=40"},{"taxonomy":"product_cat","embeddable":true,"href":"https:\/\/www.gourmandaz.ch\/wordpress\/wp-json\/wp\/v2\/product_cat?post=40"},{"taxonomy":"product_tag","embeddable":true,"href":"https:\/\/www.gourmandaz.ch\/wordpress\/wp-json\/wp\/v2\/product_tag?post=40"}],"curies":[{"name":"wp","href":"https:\/\/api.w.org\/{rel}","templated":true}]}}