{"id":4391,"date":"2020-01-06T18:02:52","date_gmt":"2020-01-06T17:02:52","guid":{"rendered":"http:\/\/www.gourmandaz.ch\/wordpress\/?post_type=product&#038;p=4391"},"modified":"2026-04-22T14:13:09","modified_gmt":"2026-04-22T13:13:09","slug":"garanoir","status":"publish","type":"product","link":"https:\/\/www.gourmandaz.ch\/wordpress\/produit\/garanoir\/","title":{"rendered":"Garanoir 70cl"},"content":{"rendered":"<p>Ce <strong> Garanoir AOC Bonvillars<\/strong>, est vendang\u00e9 en premier au tout d\u00e9but des vendanges pour garder tout son fruit\u00e9 et sa fraicheur lors de la vinification.<\/p>\n<p><strong>Vinification<\/strong><br \/>\nMac\u00e9ration longue, Pressurage doux.<br \/>\nNon barriqu\u00e9.<\/p>\n","protected":false},"excerpt":{"rendered":"<p><strong>Mill\u00e9sime :<\/strong> 2024<br \/>\n<strong>Appellation :<\/strong> AOC Bonvillars<br \/>\n13.5%vol.<\/p>\n<p>&nbsp;<\/p>\n<p><strong>Notes de d\u00e9gustation :<\/strong><\/p>\n<p style=\"padding-left: 0px;\">Robe : Carmin, profond<br \/>\nNez : Fruits rouges &amp; \u00e9pices<br \/>\nBouche : Tanins souples et velout\u00e9s<\/p>\n<p>&nbsp;<\/p>\n<p><strong>Accord met et vin :<\/strong><\/p>\n<p style=\"padding-left: 0px;\">Notre Garanoir est polyvalent : que ce soit avec les viandes rouges grill\u00e9es, une chasse ou encore un fromage \u00e0 p\u00e2te molle l&rsquo;accord sera agr\u00e9able. Pour plus d&rsquo;originalit\u00e9 n&rsquo;h\u00e9sitez pas \u00e0 le servir avec un dessert au chocolat.<\/p>\n<p>&nbsp;<\/p>\n<p><strong>Service :<\/strong> Chambr\u00e9 \u00e0 15-18 C\u00b0<br \/>\n<strong>Garde :<\/strong> A boire dans les 3 ans<\/p>\n<p><strong>Bouteille :<\/strong> 70cl, bouchon li\u00e8ge<br \/>\n<strong>Carton :<\/strong> 6bt<\/p>\n<p><em>Contient des sulfites.<\/em><\/p>\n","protected":false},"featured_media":4367,"comment_status":"open","ping_status":"closed","template":"","meta":{"_acf_changed":false},"product_brand":[],"product_cat":[23],"product_tag":[],"class_list":{"0":"post-4391","1":"product","2":"type-product","3":"status-publish","4":"has-post-thumbnail","6":"product_cat-rouge","8":"first","9":"instock","10":"taxable","11":"shipping-taxable","12":"purchasable","13":"product-type-simple"},"acf":[],"yoast_head":"<!-- This site is optimized with the Yoast SEO plugin v27.5 - https:\/\/yoast.com\/product\/yoast-seo-wordpress\/ -->\n<title>Garanoir 70cl &#8226; Domaine de Gourmandaz<\/title>\n<meta name=\"description\" content=\"Domaine de Gourmandaz &#8226; Ce Garanoir AOC Bonvillars, est vendang\u00e9 en premier au tout d\u00e9but des vendanges pour garder tout son fruit\u00e9 et sa fraicheur lors de la vinification.\" \/>\n<meta name=\"robots\" content=\"index, follow, max-snippet:-1, max-image-preview:large, max-video-preview:-1\" \/>\n<link rel=\"canonical\" href=\"https:\/\/www.gourmandaz.ch\/wordpress\/produit\/garanoir\/\" \/>\n<meta property=\"og:locale\" content=\"fr_FR\" \/>\n<meta property=\"og:type\" content=\"article\" \/>\n<meta property=\"og:title\" content=\"Garanoir 70cl &#8226; Domaine de Gourmandaz\" \/>\n<meta property=\"og:description\" content=\"Domaine de Gourmandaz &#8226; Ce Garanoir AOC Bonvillars, est vendang\u00e9 en premier au tout d\u00e9but des vendanges pour garder tout son fruit\u00e9 et sa fraicheur lors de la vinification.\" \/>\n<meta property=\"og:url\" content=\"https:\/\/www.gourmandaz.ch\/wordpress\/produit\/garanoir\/\" \/>\n<meta property=\"og:site_name\" content=\"Domaine de Gourmandaz\" \/>\n<meta property=\"article:publisher\" content=\"https:\/\/fr-fr.facebook.com\/domaineGourmandaz\/\" \/>\n<meta property=\"article:modified_time\" content=\"2026-04-22T13:13:09+00:00\" \/>\n<meta property=\"og:image\" content=\"https:\/\/www.gourmandaz.ch\/wordpress\/wp-content\/uploads\/2020\/06\/DG_Garanoir-scaled.jpg\" \/>\n\t<meta property=\"og:image:width\" content=\"1708\" \/>\n\t<meta property=\"og:image:height\" content=\"2560\" \/>\n\t<meta property=\"og:image:type\" content=\"image\/jpeg\" \/>\n<meta name=\"twitter:card\" content=\"summary_large_image\" \/>\n<script type=\"application\/ld+json\" class=\"yoast-schema-graph\">{\"@context\":\"https:\\\/\\\/schema.org\",\"@graph\":[{\"@type\":\"WebPage\",\"@id\":\"https:\\\/\\\/www.gourmandaz.ch\\\/wordpress\\\/produit\\\/garanoir\\\/\",\"url\":\"https:\\\/\\\/www.gourmandaz.ch\\\/wordpress\\\/produit\\\/garanoir\\\/\",\"name\":\"Garanoir 70cl &#8226; Domaine de Gourmandaz\",\"isPartOf\":{\"@id\":\"https:\\\/\\\/www.gourmandaz.ch\\\/wordpress\\\/#website\"},\"primaryImageOfPage\":{\"@id\":\"https:\\\/\\\/www.gourmandaz.ch\\\/wordpress\\\/produit\\\/garanoir\\\/#primaryimage\"},\"image\":{\"@id\":\"https:\\\/\\\/www.gourmandaz.ch\\\/wordpress\\\/produit\\\/garanoir\\\/#primaryimage\"},\"thumbnailUrl\":\"https:\\\/\\\/www.gourmandaz.ch\\\/wordpress\\\/wp-content\\\/uploads\\\/2020\\\/06\\\/DG_Garanoir-scaled.jpg\",\"datePublished\":\"2020-01-06T17:02:52+00:00\",\"dateModified\":\"2026-04-22T13:13:09+00:00\",\"description\":\"Domaine de Gourmandaz &#8226; Ce Garanoir AOC Bonvillars, est vendang\u00e9 en premier au tout d\u00e9but des vendanges pour garder tout son fruit\u00e9 et sa fraicheur lors de la vinification.\",\"breadcrumb\":{\"@id\":\"https:\\\/\\\/www.gourmandaz.ch\\\/wordpress\\\/produit\\\/garanoir\\\/#breadcrumb\"},\"inLanguage\":\"fr-FR\",\"potentialAction\":[{\"@type\":\"ReadAction\",\"target\":[\"https:\\\/\\\/www.gourmandaz.ch\\\/wordpress\\\/produit\\\/garanoir\\\/\"]}]},{\"@type\":\"ImageObject\",\"inLanguage\":\"fr-FR\",\"@id\":\"https:\\\/\\\/www.gourmandaz.ch\\\/wordpress\\\/produit\\\/garanoir\\\/#primaryimage\",\"url\":\"https:\\\/\\\/www.gourmandaz.ch\\\/wordpress\\\/wp-content\\\/uploads\\\/2020\\\/06\\\/DG_Garanoir-scaled.jpg\",\"contentUrl\":\"https:\\\/\\\/www.gourmandaz.ch\\\/wordpress\\\/wp-content\\\/uploads\\\/2020\\\/06\\\/DG_Garanoir-scaled.jpg\",\"width\":1708,\"height\":2560},{\"@type\":\"BreadcrumbList\",\"@id\":\"https:\\\/\\\/www.gourmandaz.ch\\\/wordpress\\\/produit\\\/garanoir\\\/#breadcrumb\",\"itemListElement\":[{\"@type\":\"ListItem\",\"position\":1,\"name\":\"Accueil\",\"item\":\"https:\\\/\\\/www.gourmandaz.ch\\\/wordpress\\\/\"},{\"@type\":\"ListItem\",\"position\":2,\"name\":\"test cat\u00e9gorie\",\"item\":\"https:\\\/\\\/www.gourmandaz.ch\\\/wordpress\\\/?page_id=4275\"},{\"@type\":\"ListItem\",\"position\":3,\"name\":\"Garanoir 70cl\"}]},{\"@type\":\"WebSite\",\"@id\":\"https:\\\/\\\/www.gourmandaz.ch\\\/wordpress\\\/#website\",\"url\":\"https:\\\/\\\/www.gourmandaz.ch\\\/wordpress\\\/\",\"name\":\"Domaine de Gourmandaz\",\"description\":\"Qui sait d\u00e9guster ne boit plus jamais des vins mais go\u00fbte des secrets. Dali\",\"publisher\":{\"@id\":\"https:\\\/\\\/www.gourmandaz.ch\\\/wordpress\\\/#organization\"},\"potentialAction\":[{\"@type\":\"SearchAction\",\"target\":{\"@type\":\"EntryPoint\",\"urlTemplate\":\"https:\\\/\\\/www.gourmandaz.ch\\\/wordpress\\\/?s={search_term_string}\"},\"query-input\":{\"@type\":\"PropertyValueSpecification\",\"valueRequired\":true,\"valueName\":\"search_term_string\"}}],\"inLanguage\":\"fr-FR\"},{\"@type\":\"Organization\",\"@id\":\"https:\\\/\\\/www.gourmandaz.ch\\\/wordpress\\\/#organization\",\"name\":\"Domaine de Gourmandaz\",\"url\":\"https:\\\/\\\/www.gourmandaz.ch\\\/wordpress\\\/\",\"logo\":{\"@type\":\"ImageObject\",\"inLanguage\":\"fr-FR\",\"@id\":\"https:\\\/\\\/www.gourmandaz.ch\\\/wordpress\\\/#\\\/schema\\\/logo\\\/image\\\/\",\"url\":\"https:\\\/\\\/www.gourmandaz.ch\\\/wordpress\\\/wp-content\\\/uploads\\\/2020\\\/06\\\/Logo_Gourmandaz_rouge_mobile.png\",\"contentUrl\":\"https:\\\/\\\/www.gourmandaz.ch\\\/wordpress\\\/wp-content\\\/uploads\\\/2020\\\/06\\\/Logo_Gourmandaz_rouge_mobile.png\",\"width\":239,\"height\":95,\"caption\":\"Domaine de Gourmandaz\"},\"image\":{\"@id\":\"https:\\\/\\\/www.gourmandaz.ch\\\/wordpress\\\/#\\\/schema\\\/logo\\\/image\\\/\"},\"sameAs\":[\"https:\\\/\\\/fr-fr.facebook.com\\\/domaineGourmandaz\\\/\",\"https:\\\/\\\/www.instagram.com\\\/domainedegourmandaz\\\/\"]}]}<\/script>\n<!-- \/ Yoast SEO plugin. -->","yoast_head_json":{"title":"Garanoir 70cl &#8226; Domaine de Gourmandaz","description":"Domaine de Gourmandaz &#8226; Ce Garanoir AOC Bonvillars, est vendang\u00e9 en premier au tout d\u00e9but des vendanges pour garder tout son fruit\u00e9 et sa fraicheur lors de la vinification.","robots":{"index":"index","follow":"follow","max-snippet":"max-snippet:-1","max-image-preview":"max-image-preview:large","max-video-preview":"max-video-preview:-1"},"canonical":"https:\/\/www.gourmandaz.ch\/wordpress\/produit\/garanoir\/","og_locale":"fr_FR","og_type":"article","og_title":"Garanoir 70cl &#8226; Domaine de Gourmandaz","og_description":"Domaine de Gourmandaz &#8226; Ce Garanoir AOC Bonvillars, est vendang\u00e9 en premier au tout d\u00e9but des vendanges pour garder tout son fruit\u00e9 et sa fraicheur lors de la vinification.","og_url":"https:\/\/www.gourmandaz.ch\/wordpress\/produit\/garanoir\/","og_site_name":"Domaine de Gourmandaz","article_publisher":"https:\/\/fr-fr.facebook.com\/domaineGourmandaz\/","article_modified_time":"2026-04-22T13:13:09+00:00","og_image":[{"width":1708,"height":2560,"url":"https:\/\/www.gourmandaz.ch\/wordpress\/wp-content\/uploads\/2020\/06\/DG_Garanoir-scaled.jpg","type":"image\/jpeg"}],"twitter_card":"summary_large_image","schema":{"@context":"https:\/\/schema.org","@graph":[{"@type":"WebPage","@id":"https:\/\/www.gourmandaz.ch\/wordpress\/produit\/garanoir\/","url":"https:\/\/www.gourmandaz.ch\/wordpress\/produit\/garanoir\/","name":"Garanoir 70cl &#8226; Domaine de Gourmandaz","isPartOf":{"@id":"https:\/\/www.gourmandaz.ch\/wordpress\/#website"},"primaryImageOfPage":{"@id":"https:\/\/www.gourmandaz.ch\/wordpress\/produit\/garanoir\/#primaryimage"},"image":{"@id":"https:\/\/www.gourmandaz.ch\/wordpress\/produit\/garanoir\/#primaryimage"},"thumbnailUrl":"https:\/\/www.gourmandaz.ch\/wordpress\/wp-content\/uploads\/2020\/06\/DG_Garanoir-scaled.jpg","datePublished":"2020-01-06T17:02:52+00:00","dateModified":"2026-04-22T13:13:09+00:00","description":"Domaine de Gourmandaz &#8226; Ce Garanoir AOC Bonvillars, est vendang\u00e9 en premier au tout d\u00e9but des vendanges pour garder tout son fruit\u00e9 et sa fraicheur lors de la vinification.","breadcrumb":{"@id":"https:\/\/www.gourmandaz.ch\/wordpress\/produit\/garanoir\/#breadcrumb"},"inLanguage":"fr-FR","potentialAction":[{"@type":"ReadAction","target":["https:\/\/www.gourmandaz.ch\/wordpress\/produit\/garanoir\/"]}]},{"@type":"ImageObject","inLanguage":"fr-FR","@id":"https:\/\/www.gourmandaz.ch\/wordpress\/produit\/garanoir\/#primaryimage","url":"https:\/\/www.gourmandaz.ch\/wordpress\/wp-content\/uploads\/2020\/06\/DG_Garanoir-scaled.jpg","contentUrl":"https:\/\/www.gourmandaz.ch\/wordpress\/wp-content\/uploads\/2020\/06\/DG_Garanoir-scaled.jpg","width":1708,"height":2560},{"@type":"BreadcrumbList","@id":"https:\/\/www.gourmandaz.ch\/wordpress\/produit\/garanoir\/#breadcrumb","itemListElement":[{"@type":"ListItem","position":1,"name":"Accueil","item":"https:\/\/www.gourmandaz.ch\/wordpress\/"},{"@type":"ListItem","position":2,"name":"test cat\u00e9gorie","item":"https:\/\/www.gourmandaz.ch\/wordpress\/?page_id=4275"},{"@type":"ListItem","position":3,"name":"Garanoir 70cl"}]},{"@type":"WebSite","@id":"https:\/\/www.gourmandaz.ch\/wordpress\/#website","url":"https:\/\/www.gourmandaz.ch\/wordpress\/","name":"Domaine de Gourmandaz","description":"Qui sait d\u00e9guster ne boit plus jamais des vins mais go\u00fbte des secrets. Dali","publisher":{"@id":"https:\/\/www.gourmandaz.ch\/wordpress\/#organization"},"potentialAction":[{"@type":"SearchAction","target":{"@type":"EntryPoint","urlTemplate":"https:\/\/www.gourmandaz.ch\/wordpress\/?s={search_term_string}"},"query-input":{"@type":"PropertyValueSpecification","valueRequired":true,"valueName":"search_term_string"}}],"inLanguage":"fr-FR"},{"@type":"Organization","@id":"https:\/\/www.gourmandaz.ch\/wordpress\/#organization","name":"Domaine de Gourmandaz","url":"https:\/\/www.gourmandaz.ch\/wordpress\/","logo":{"@type":"ImageObject","inLanguage":"fr-FR","@id":"https:\/\/www.gourmandaz.ch\/wordpress\/#\/schema\/logo\/image\/","url":"https:\/\/www.gourmandaz.ch\/wordpress\/wp-content\/uploads\/2020\/06\/Logo_Gourmandaz_rouge_mobile.png","contentUrl":"https:\/\/www.gourmandaz.ch\/wordpress\/wp-content\/uploads\/2020\/06\/Logo_Gourmandaz_rouge_mobile.png","width":239,"height":95,"caption":"Domaine de Gourmandaz"},"image":{"@id":"https:\/\/www.gourmandaz.ch\/wordpress\/#\/schema\/logo\/image\/"},"sameAs":["https:\/\/fr-fr.facebook.com\/domaineGourmandaz\/","https:\/\/www.instagram.com\/domainedegourmandaz\/"]}]}},"_links":{"self":[{"href":"https:\/\/www.gourmandaz.ch\/wordpress\/wp-json\/wp\/v2\/product\/4391","targetHints":{"allow":["GET"]}}],"collection":[{"href":"https:\/\/www.gourmandaz.ch\/wordpress\/wp-json\/wp\/v2\/product"}],"about":[{"href":"https:\/\/www.gourmandaz.ch\/wordpress\/wp-json\/wp\/v2\/types\/product"}],"replies":[{"embeddable":true,"href":"https:\/\/www.gourmandaz.ch\/wordpress\/wp-json\/wp\/v2\/comments?post=4391"}],"wp:featuredmedia":[{"embeddable":true,"href":"https:\/\/www.gourmandaz.ch\/wordpress\/wp-json\/wp\/v2\/media\/4367"}],"wp:attachment":[{"href":"https:\/\/www.gourmandaz.ch\/wordpress\/wp-json\/wp\/v2\/media?parent=4391"}],"wp:term":[{"taxonomy":"product_brand","embeddable":true,"href":"https:\/\/www.gourmandaz.ch\/wordpress\/wp-json\/wp\/v2\/product_brand?post=4391"},{"taxonomy":"product_cat","embeddable":true,"href":"https:\/\/www.gourmandaz.ch\/wordpress\/wp-json\/wp\/v2\/product_cat?post=4391"},{"taxonomy":"product_tag","embeddable":true,"href":"https:\/\/www.gourmandaz.ch\/wordpress\/wp-json\/wp\/v2\/product_tag?post=4391"}],"curies":[{"name":"wp","href":"https:\/\/api.w.org\/{rel}","templated":true}]}}