{"id":4961,"date":"2024-03-15T11:43:16","date_gmt":"2024-03-15T10:43:16","guid":{"rendered":"https:\/\/www.gourmandaz.ch\/wordpress\/?post_type=product&#038;p=4961"},"modified":"2025-05-09T07:34:50","modified_gmt":"2025-05-09T06:34:50","slug":"6-lignes-70cl","status":"publish","type":"product","link":"https:\/\/www.gourmandaz.ch\/wordpress\/produit\/6-lignes-70cl\/","title":{"rendered":"6 Lignes 70cl"},"content":{"rendered":"<p>Notre <strong>6 Lignes<\/strong> est un <strong>Savagnin Blanc AOC Bonvillars.<\/strong> Plant\u00e9 sur une petite parcelle de 1000m<b>\u00b2<\/b> bien expos\u00e9e avec des murs en pierre s\u00e8ches, les vignes profitent du soleil de la journ\u00e9e et de la chaleur emmagasin\u00e9e par les pierres la nuit. Ce vin typ\u00e9, \u00e9lev\u00e9 en barrique pendant 13 mois saura vous s\u00e9duire par ses notes de fruits \u00e0 chair blanche et son bois\u00e9.<\/p>\n<p><strong>Vinification<\/strong><br \/>\nVinification basse temp\u00e9rature, Pressurage doux.<br \/>\nBarrique de ch\u00eane, 13 mois.<\/p>\n","protected":false},"excerpt":{"rendered":"<p><strong>Mill\u00e9sime :<\/strong> 2023<\/p>\n<p><strong>Appellation :<\/strong> AOC Bonvillars<\/p>\n<p>12.5% vol.<\/p>\n<p>&nbsp;<\/p>\n<p><strong>Notes de d\u00e9gustation :<\/strong><\/p>\n<p style=\"padding-left: 0px;\">Robe : Jaune avec de l\u00e9gers reflets dor\u00e9s<br \/>\nNez : Fruit\u00e9 <em>(p\u00eache)<\/em>, bois\u00e9<br \/>\nBouche : Fruit\u00e9 &amp; bois\u00e9e<\/p>\n<p>&nbsp;<\/p>\n<p><strong>Accords mets et vin :<\/strong><\/p>\n<p style=\"padding-left: 0px;\">Notre \u00ab\u00a06 Lignes\u00a0\u00bb se d\u00e9guste \u00e0 l&rsquo;ap\u00e9ritif, comme lors du repas. Il pourra accompagner \u00e0 merveille les poissons, les mets \u00e9pic\u00e9s et les viandes blanches.<\/p>\n<p>&nbsp;<\/p>\n<p><strong>Service :<\/strong> Chambr\u00e9 \u00e0 8-10 C\u00b0<br \/>\n<strong>Garde :<\/strong> A boire dans les 5 ans<\/p>\n<p><strong>Bouteille :<\/strong> 70cl, bouchon li\u00e8ge<br \/>\n<strong>Carton :<\/strong> 6bt<\/p>\n<p>&nbsp;<\/p>\n<p><em>Contient des sulfites.<\/em><\/p>\n","protected":false},"featured_media":4958,"comment_status":"open","ping_status":"closed","template":"","meta":{"_acf_changed":false},"product_brand":[],"product_cat":[24],"product_tag":[],"class_list":{"0":"post-4961","1":"product","2":"type-product","3":"status-publish","4":"has-post-thumbnail","6":"product_cat-blanc","8":"first","9":"instock","10":"taxable","11":"shipping-taxable","12":"purchasable","13":"product-type-simple"},"acf":[],"yoast_head":"<!-- This site is optimized with the Yoast SEO plugin v14.4.1 - https:\/\/yoast.com\/wordpress\/plugins\/seo\/ -->\n<title>6 Lignes 70cl &bull; Domaine de Gourmandaz<\/title>\n<meta name=\"description\" content=\"Domaine de Gourmandaz &bull; Ce Chasselas AOC Bonvillars, repr\u00e9sente parfaitement le c\u00e9page embl\u00e9matique de notre r\u00e9gion. Plant\u00e9 sur des parcelles bien expos\u00e9es, les baies se dorent au soleil pour atteindre une maturit\u00e9 optimum et vous offrir des ar\u00f4mes subtils avec une belle fra\u00eecheur en bouche.\" \/>\n<meta name=\"robots\" content=\"index, follow\" \/>\n<meta name=\"googlebot\" content=\"index, follow, max-snippet:-1, max-image-preview:large, max-video-preview:-1\" \/>\n<meta name=\"bingbot\" content=\"index, follow, max-snippet:-1, max-image-preview:large, max-video-preview:-1\" \/>\n<link rel=\"canonical\" href=\"https:\/\/www.gourmandaz.ch\/wordpress\/produit\/6-lignes-70cl\/\" \/>\n<meta property=\"og:locale\" content=\"fr_FR\" \/>\n<meta property=\"og:type\" content=\"article\" \/>\n<meta property=\"og:title\" content=\"6 Lignes 70cl &bull; Domaine de Gourmandaz\" \/>\n<meta property=\"og:description\" content=\"Domaine de Gourmandaz &bull; Ce Chasselas AOC Bonvillars, repr\u00e9sente parfaitement le c\u00e9page embl\u00e9matique de notre r\u00e9gion. Plant\u00e9 sur des parcelles bien expos\u00e9es, les baies se dorent au soleil pour atteindre une maturit\u00e9 optimum et vous offrir des ar\u00f4mes subtils avec une belle fra\u00eecheur en bouche.\" \/>\n<meta property=\"og:url\" content=\"https:\/\/www.gourmandaz.ch\/wordpress\/produit\/6-lignes-70cl\/\" \/>\n<meta property=\"og:site_name\" content=\"Domaine de Gourmandaz\" \/>\n<meta property=\"article:publisher\" content=\"https:\/\/fr-fr.facebook.com\/domaineGourmandaz\/\" \/>\n<meta property=\"article:author\" content=\"https:\/\/www.facebook.com\/domaineGourmandaz\/\" \/>\n<meta property=\"article:modified_time\" content=\"2025-05-09T06:34:50+00:00\" \/>\n<meta property=\"og:image\" content=\"https:\/\/www.gourmandaz.ch\/wordpress\/wp-content\/uploads\/2021\/11\/Gourmandaz_6lignes.jpg\" \/>\n\t<meta property=\"og:image:width\" content=\"570\" \/>\n\t<meta property=\"og:image:height\" content=\"854\" \/>\n<meta name=\"twitter:card\" content=\"summary_large_image\" \/>\n<script type=\"application\/ld+json\" class=\"yoast-schema-graph\">{\"@context\":\"https:\/\/schema.org\",\"@graph\":[{\"@type\":\"Organization\",\"@id\":\"https:\/\/www.gourmandaz.ch\/wordpress\/#organization\",\"name\":\"Domaine de Gourmandaz\",\"url\":\"https:\/\/www.gourmandaz.ch\/wordpress\/\",\"sameAs\":[\"https:\/\/fr-fr.facebook.com\/domaineGourmandaz\/\",\"https:\/\/www.instagram.com\/domainedegourmandaz\/\"],\"logo\":{\"@type\":\"ImageObject\",\"@id\":\"https:\/\/www.gourmandaz.ch\/wordpress\/#logo\",\"inLanguage\":\"fr-FR\",\"url\":\"https:\/\/www.gourmandaz.ch\/wordpress\/wp-content\/uploads\/2020\/06\/Logo_Gourmandaz_rouge_mobile.png\",\"width\":239,\"height\":95,\"caption\":\"Domaine de Gourmandaz\"},\"image\":{\"@id\":\"https:\/\/www.gourmandaz.ch\/wordpress\/#logo\"}},{\"@type\":\"WebSite\",\"@id\":\"https:\/\/www.gourmandaz.ch\/wordpress\/#website\",\"url\":\"https:\/\/www.gourmandaz.ch\/wordpress\/\",\"name\":\"Domaine de Gourmandaz\",\"description\":\"Qui sait d\\u00e9guster ne boit plus jamais des vins mais go\\u00fbte des secrets. Dali\",\"publisher\":{\"@id\":\"https:\/\/www.gourmandaz.ch\/wordpress\/#organization\"},\"potentialAction\":[{\"@type\":\"SearchAction\",\"target\":\"https:\/\/www.gourmandaz.ch\/wordpress\/?s={search_term_string}\",\"query-input\":\"required name=search_term_string\"}],\"inLanguage\":\"fr-FR\"},{\"@type\":\"ImageObject\",\"@id\":\"https:\/\/www.gourmandaz.ch\/wordpress\/produit\/6-lignes-70cl\/#primaryimage\",\"inLanguage\":\"fr-FR\",\"url\":\"https:\/\/www.gourmandaz.ch\/wordpress\/wp-content\/uploads\/2021\/11\/Gourmandaz_6lignes.jpg\",\"width\":570,\"height\":854},{\"@type\":\"WebPage\",\"@id\":\"https:\/\/www.gourmandaz.ch\/wordpress\/produit\/6-lignes-70cl\/#webpage\",\"url\":\"https:\/\/www.gourmandaz.ch\/wordpress\/produit\/6-lignes-70cl\/\",\"name\":\"6 Lignes 70cl &bull; Domaine de Gourmandaz\",\"isPartOf\":{\"@id\":\"https:\/\/www.gourmandaz.ch\/wordpress\/#website\"},\"primaryImageOfPage\":{\"@id\":\"https:\/\/www.gourmandaz.ch\/wordpress\/produit\/6-lignes-70cl\/#primaryimage\"},\"datePublished\":\"2024-03-15T10:43:16+00:00\",\"dateModified\":\"2025-05-09T06:34:50+00:00\",\"description\":\"Domaine de Gourmandaz &bull; Ce Chasselas AOC Bonvillars, repr\\u00e9sente parfaitement le c\\u00e9page embl\\u00e9matique de notre r\\u00e9gion. Plant\\u00e9 sur des parcelles bien expos\\u00e9es, les baies se dorent au soleil pour atteindre une maturit\\u00e9 optimum et vous offrir des ar\\u00f4mes subtils avec une belle fra\\u00eecheur en bouche.\",\"inLanguage\":\"fr-FR\",\"potentialAction\":[{\"@type\":\"ReadAction\",\"target\":[\"https:\/\/www.gourmandaz.ch\/wordpress\/produit\/6-lignes-70cl\/\"]}]}]}<\/script>\n<!-- \/ Yoast SEO plugin. -->","_links":{"self":[{"href":"https:\/\/www.gourmandaz.ch\/wordpress\/wp-json\/wp\/v2\/product\/4961","targetHints":{"allow":["GET"]}}],"collection":[{"href":"https:\/\/www.gourmandaz.ch\/wordpress\/wp-json\/wp\/v2\/product"}],"about":[{"href":"https:\/\/www.gourmandaz.ch\/wordpress\/wp-json\/wp\/v2\/types\/product"}],"replies":[{"embeddable":true,"href":"https:\/\/www.gourmandaz.ch\/wordpress\/wp-json\/wp\/v2\/comments?post=4961"}],"wp:featuredmedia":[{"embeddable":true,"href":"https:\/\/www.gourmandaz.ch\/wordpress\/wp-json\/wp\/v2\/media\/4958"}],"wp:attachment":[{"href":"https:\/\/www.gourmandaz.ch\/wordpress\/wp-json\/wp\/v2\/media?parent=4961"}],"wp:term":[{"taxonomy":"product_brand","embeddable":true,"href":"https:\/\/www.gourmandaz.ch\/wordpress\/wp-json\/wp\/v2\/product_brand?post=4961"},{"taxonomy":"product_cat","embeddable":true,"href":"https:\/\/www.gourmandaz.ch\/wordpress\/wp-json\/wp\/v2\/product_cat?post=4961"},{"taxonomy":"product_tag","embeddable":true,"href":"https:\/\/www.gourmandaz.ch\/wordpress\/wp-json\/wp\/v2\/product_tag?post=4961"}],"curies":[{"name":"wp","href":"https:\/\/api.w.org\/{rel}","templated":true}]}}