{"id":66,"date":"2019-01-09T10:14:26","date_gmt":"2019-01-09T09:14:26","guid":{"rendered":"http:\/\/www.gourmandaz.ch\/wordpress\/?post_type=product&#038;p=66"},"modified":"2023-12-06T09:12:16","modified_gmt":"2023-12-06T08:12:16","slug":"patrimoine-blanc","status":"publish","type":"product","link":"https:\/\/www.gourmandaz.ch\/wordpress\/produit\/patrimoine-blanc\/","title":{"rendered":"Patrimoine Blanc"},"content":{"rendered":"<p>Notre <strong> Patrimoine Blanc AOC Bonvillars<\/strong>, est un assemblage de Chardonnay et de Pinot Gris. La fra\u00eecheur et le min\u00e9ral du Chardonnay ainsi que le corps et le fruit\u00e9 du Pinot Gris conf\u00e8re \u00e0 ce vin une complexit\u00e9 tout en finesse.<\/p>\n<p><strong>Vinification<\/strong><br \/>\nChaque c\u00e9page est cueilli puis vinifi\u00e9 s\u00e9par\u00e9ment. Courte mac\u00e9ration puis pressurage doux.<br \/>\n\u00c9levage en barrique entre 8 \u00e0 10 mois en fonction du mill\u00e9sime.<\/p>\n","protected":false},"excerpt":{"rendered":"<p><strong>Mill\u00e9sime :<\/strong> 2022<br \/>\n<strong>Appellation :<\/strong> AOC Bonvillars, Grand Cru<br \/>\n<strong>C\u00e9pages :<\/strong> Chardonnay &amp; Pinot Gris<br \/>\n13.5%vol.<\/p>\n<p><strong>Notes de d\u00e9gustation :<\/strong><\/p>\n<p style=\"padding-left: 0px;\">Robe : Jaune aux reflets dor\u00e9s<br \/>\nNez : Fruit\u00e9 <em>(Coing, p\u00eache)<\/em>, miel &amp; min\u00e9ral<br \/>\nBouche : Fruits (ananas. coings), min\u00e9rale et ample<\/p>\n<p>&nbsp;<\/p>\n<p><strong>Accords mets et vin :<\/strong><\/p>\n<p style=\"padding-left: 0px;\">Notre Patrimoine Blanc s&rsquo;accorde avec tout. En toute simplicit\u00e9 \u00e0 l&rsquo;ap\u00e9ritif ou sur un poisson pour le repas. Il accompagnera \u00e9galement bien les viandes un peu plus cors\u00e9e comme l&rsquo;agneau ainsi que les fromages affin\u00e9s.<\/p>\n<p>&nbsp;<\/p>\n<p><strong>Service :<\/strong> Chambr\u00e9 \u00e0 8-12 C\u00b0<br \/>\n<strong>Garde :<\/strong> A boire dans les 5 ans<\/p>\n<p><strong>Bouteille :<\/strong> 70cl, bouchon li\u00e8ge<br \/>\n<strong>Carton :<\/strong> 6bt<\/p>\n<p><em>Contient des sulfites.<\/em><\/p>\n","protected":false},"featured_media":4384,"comment_status":"open","ping_status":"closed","template":"","meta":{"_acf_changed":false},"product_brand":[],"product_cat":[24],"product_tag":[],"class_list":{"0":"post-66","1":"product","2":"type-product","3":"status-publish","4":"has-post-thumbnail","6":"product_cat-blanc","8":"first","9":"instock","10":"taxable","11":"shipping-taxable","12":"purchasable","13":"product-type-simple"},"acf":[],"yoast_head":"<!-- This site is optimized with the Yoast SEO plugin v14.4.1 - https:\/\/yoast.com\/wordpress\/plugins\/seo\/ -->\n<title>Patrimoine Blanc &bull; Domaine de Gourmandaz<\/title>\n<meta name=\"robots\" content=\"index, follow\" \/>\n<meta name=\"googlebot\" content=\"index, follow, max-snippet:-1, max-image-preview:large, max-video-preview:-1\" \/>\n<meta name=\"bingbot\" content=\"index, follow, max-snippet:-1, max-image-preview:large, max-video-preview:-1\" \/>\n<link rel=\"canonical\" href=\"https:\/\/www.gourmandaz.ch\/wordpress\/produit\/patrimoine-blanc\/\" \/>\n<meta property=\"og:locale\" content=\"fr_FR\" \/>\n<meta property=\"og:type\" content=\"article\" \/>\n<meta property=\"og:title\" content=\"Patrimoine Blanc &bull; Domaine de Gourmandaz\" \/>\n<meta property=\"og:description\" content=\"Mill\u00e9sime : 2022 Appellation : AOC Bonvillars, Grand Cru C\u00e9pages : Chardonnay &amp; Pinot Gris 13.5%vol.  Notes de d\u00e9gustation : Robe : Jaune aux reflets dor\u00e9s Nez : Fruit\u00e9 (Coing, p\u00eache), miel &amp; min\u00e9ral Bouche : Fruits (ananas. coings), min\u00e9rale et ample &nbsp;  Accords mets et vin : Notre Patrimoine Blanc s&#039;accorde avec tout. En toute simplicit\u00e9 \u00e0 l&#039;ap\u00e9ritif ou sur un poisson pour le repas. Il accompagnera \u00e9galement bien les viandes un peu plus cors\u00e9e comme l&#039;agneau ainsi que les fromages affin\u00e9s. &nbsp;  Service : Chambr\u00e9 \u00e0 8-12 C\u00b0 Garde : A boire dans les 5 ans  Bouteille : 70cl, bouchon li\u00e8ge Carton : 6bt  Contient des sulfites.\" \/>\n<meta property=\"og:url\" content=\"https:\/\/www.gourmandaz.ch\/wordpress\/produit\/patrimoine-blanc\/\" \/>\n<meta property=\"og:site_name\" content=\"Domaine de Gourmandaz\" \/>\n<meta property=\"article:publisher\" content=\"https:\/\/fr-fr.facebook.com\/domaineGourmandaz\/\" \/>\n<meta property=\"article:author\" content=\"https:\/\/www.facebook.com\/domaineGourmandaz\/\" \/>\n<meta property=\"article:modified_time\" content=\"2023-12-06T08:12:16+00:00\" \/>\n<meta property=\"og:image\" content=\"https:\/\/www.gourmandaz.ch\/wordpress\/wp-content\/uploads\/2020\/06\/DG-Patrimoine-blanc-scaled.jpg\" \/>\n\t<meta property=\"og:image:width\" content=\"1707\" \/>\n\t<meta property=\"og:image:height\" content=\"2560\" \/>\n<meta name=\"twitter:card\" content=\"summary_large_image\" \/>\n<script type=\"application\/ld+json\" class=\"yoast-schema-graph\">{\"@context\":\"https:\/\/schema.org\",\"@graph\":[{\"@type\":\"Organization\",\"@id\":\"https:\/\/www.gourmandaz.ch\/wordpress\/#organization\",\"name\":\"Domaine de Gourmandaz\",\"url\":\"https:\/\/www.gourmandaz.ch\/wordpress\/\",\"sameAs\":[\"https:\/\/fr-fr.facebook.com\/domaineGourmandaz\/\",\"https:\/\/www.instagram.com\/domainedegourmandaz\/\"],\"logo\":{\"@type\":\"ImageObject\",\"@id\":\"https:\/\/www.gourmandaz.ch\/wordpress\/#logo\",\"inLanguage\":\"fr-FR\",\"url\":\"https:\/\/www.gourmandaz.ch\/wordpress\/wp-content\/uploads\/2020\/06\/Logo_Gourmandaz_rouge_mobile.png\",\"width\":239,\"height\":95,\"caption\":\"Domaine de Gourmandaz\"},\"image\":{\"@id\":\"https:\/\/www.gourmandaz.ch\/wordpress\/#logo\"}},{\"@type\":\"WebSite\",\"@id\":\"https:\/\/www.gourmandaz.ch\/wordpress\/#website\",\"url\":\"https:\/\/www.gourmandaz.ch\/wordpress\/\",\"name\":\"Domaine de Gourmandaz\",\"description\":\"Qui sait d\\u00e9guster ne boit plus jamais des vins mais go\\u00fbte des secrets. Dali\",\"publisher\":{\"@id\":\"https:\/\/www.gourmandaz.ch\/wordpress\/#organization\"},\"potentialAction\":[{\"@type\":\"SearchAction\",\"target\":\"https:\/\/www.gourmandaz.ch\/wordpress\/?s={search_term_string}\",\"query-input\":\"required name=search_term_string\"}],\"inLanguage\":\"fr-FR\"},{\"@type\":\"ImageObject\",\"@id\":\"https:\/\/www.gourmandaz.ch\/wordpress\/produit\/patrimoine-blanc\/#primaryimage\",\"inLanguage\":\"fr-FR\",\"url\":\"https:\/\/www.gourmandaz.ch\/wordpress\/wp-content\/uploads\/2020\/06\/DG-Patrimoine-blanc-scaled.jpg\",\"width\":1707,\"height\":2560},{\"@type\":\"WebPage\",\"@id\":\"https:\/\/www.gourmandaz.ch\/wordpress\/produit\/patrimoine-blanc\/#webpage\",\"url\":\"https:\/\/www.gourmandaz.ch\/wordpress\/produit\/patrimoine-blanc\/\",\"name\":\"Patrimoine Blanc &bull; Domaine de Gourmandaz\",\"isPartOf\":{\"@id\":\"https:\/\/www.gourmandaz.ch\/wordpress\/#website\"},\"primaryImageOfPage\":{\"@id\":\"https:\/\/www.gourmandaz.ch\/wordpress\/produit\/patrimoine-blanc\/#primaryimage\"},\"datePublished\":\"2019-01-09T09:14:26+00:00\",\"dateModified\":\"2023-12-06T08:12:16+00:00\",\"inLanguage\":\"fr-FR\",\"potentialAction\":[{\"@type\":\"ReadAction\",\"target\":[\"https:\/\/www.gourmandaz.ch\/wordpress\/produit\/patrimoine-blanc\/\"]}]}]}<\/script>\n<!-- \/ Yoast SEO plugin. -->","_links":{"self":[{"href":"https:\/\/www.gourmandaz.ch\/wordpress\/wp-json\/wp\/v2\/product\/66","targetHints":{"allow":["GET"]}}],"collection":[{"href":"https:\/\/www.gourmandaz.ch\/wordpress\/wp-json\/wp\/v2\/product"}],"about":[{"href":"https:\/\/www.gourmandaz.ch\/wordpress\/wp-json\/wp\/v2\/types\/product"}],"replies":[{"embeddable":true,"href":"https:\/\/www.gourmandaz.ch\/wordpress\/wp-json\/wp\/v2\/comments?post=66"}],"wp:featuredmedia":[{"embeddable":true,"href":"https:\/\/www.gourmandaz.ch\/wordpress\/wp-json\/wp\/v2\/media\/4384"}],"wp:attachment":[{"href":"https:\/\/www.gourmandaz.ch\/wordpress\/wp-json\/wp\/v2\/media?parent=66"}],"wp:term":[{"taxonomy":"product_brand","embeddable":true,"href":"https:\/\/www.gourmandaz.ch\/wordpress\/wp-json\/wp\/v2\/product_brand?post=66"},{"taxonomy":"product_cat","embeddable":true,"href":"https:\/\/www.gourmandaz.ch\/wordpress\/wp-json\/wp\/v2\/product_cat?post=66"},{"taxonomy":"product_tag","embeddable":true,"href":"https:\/\/www.gourmandaz.ch\/wordpress\/wp-json\/wp\/v2\/product_tag?post=66"}],"curies":[{"name":"wp","href":"https:\/\/api.w.org\/{rel}","templated":true}]}}