{"id":77,"date":"2019-01-07T10:16:50","date_gmt":"2019-01-07T09:16:50","guid":{"rendered":"http:\/\/www.gourmandaz.ch\/wordpress\/?post_type=product&#038;p=77"},"modified":"2026-04-22T14:08:20","modified_gmt":"2026-04-22T13:08:20","slug":"oeil-de-perdrix","status":"publish","type":"product","link":"https:\/\/www.gourmandaz.ch\/wordpress\/produit\/oeil-de-perdrix\/","title":{"rendered":"Oeil de Perdrix 70cl"},"content":{"rendered":"<p>Cet <strong> Oeil de Perdrix AOC Bonvillars<\/strong>, est obtenu par saign\u00e9e de pinot noir. R\u00e9colt\u00e9 \u00e0 pleine maturit\u00e9, il d\u00e9veloppe les ar\u00f4mes caract\u00e9ristique du pinot noir tout en gardant un croquant et une fra\u00eecheur \u00e9tonnante.<\/p>\n<p><strong>Vinification<\/strong><br \/>\n<em>Ros\u00e9 de Pinot noir<\/em><br \/>\nMac\u00e9ration courte puis saign\u00e9e, Pressurage doux et fermentation \u00e0 basse temp\u00e9rature.<\/p>\n","protected":false},"excerpt":{"rendered":"<p><strong>Mill\u00e9sime :<\/strong> 2025<br \/>\n<strong>Appellation :<\/strong> AOC Bonvillars<br \/>\n13.5%vol.<\/p>\n<p>&nbsp;<\/p>\n<p><strong>Notes de d\u00e9gustation :<\/strong><\/p>\n<p style=\"padding-left: 0px;\">Robe : Saumon\u00e9e au reflets cuivr\u00e9<br \/>\nNez : Fruits rouges <em>(Framboise, m\u00fbre, cassis)<\/em>, bonbon anglais<br \/>\nBouche : Notes acidul\u00e9es et fruits rouges<\/p>\n<p>&nbsp;<\/p>\n<p><strong>Accords mets et vin :<\/strong><\/p>\n<p style=\"padding-left: 0px;\">Ce ros\u00e9 puissant mais fruit\u00e9 permet de belles harmonies avec les plats d&rsquo;\u00e9t\u00e9. Il accompagnera tr\u00e8s bien une viande blanche, des grillades ou un poisson en sauce. La cuisine exotique est \u00e9galement un accord r\u00e9ussi.<\/p>\n<p>&nbsp;<\/p>\n<p><strong>Service :<\/strong> Chambr\u00e9 \u00e0 8-10 C\u00b0<br \/>\n<strong>Garde :<\/strong> A boire dans les 2 ans<\/p>\n<p><strong>Bouteille :<\/strong> 70cl, bouchon \u00e0 vis<br \/>\n<strong>Carton :<\/strong> 6bt<\/p>\n<p><em>Contient des sulfites.<\/em><\/p>\n","protected":false},"featured_media":4370,"comment_status":"open","ping_status":"closed","template":"","meta":{"_acf_changed":false},"product_brand":[],"product_cat":[22],"product_tag":[],"class_list":{"0":"post-77","1":"product","2":"type-product","3":"status-publish","4":"has-post-thumbnail","6":"product_cat-rose","8":"first","9":"instock","10":"taxable","11":"shipping-taxable","12":"purchasable","13":"product-type-simple"},"acf":[],"yoast_head":"<!-- This site is optimized with the Yoast SEO plugin v14.4.1 - https:\/\/yoast.com\/wordpress\/plugins\/seo\/ -->\n<title>Oeil de Perdrix 70cl &bull; Domaine de Gourmandaz<\/title>\n<meta name=\"description\" content=\"Domaine de Gourmandaz &bull; Cet Oeil de Perdrix AOC Bonvillars, est obtenu par saign\u00e9e de pinot noir. R\u00e9colt\u00e9 \u00e0 maturit\u00e9 parfaite, il d\u00e9veloppe les ar\u00f4mes caract\u00e9ristique du pinot noir tout en gardant un croquant et une fra\u00eecheur \u00e9tonnante.\" \/>\n<meta name=\"robots\" content=\"index, follow\" \/>\n<meta name=\"googlebot\" content=\"index, follow, max-snippet:-1, max-image-preview:large, max-video-preview:-1\" \/>\n<meta name=\"bingbot\" content=\"index, follow, max-snippet:-1, max-image-preview:large, max-video-preview:-1\" \/>\n<link rel=\"canonical\" href=\"https:\/\/www.gourmandaz.ch\/wordpress\/produit\/oeil-de-perdrix\/\" \/>\n<meta property=\"og:locale\" content=\"fr_FR\" \/>\n<meta property=\"og:type\" content=\"article\" \/>\n<meta property=\"og:title\" content=\"Oeil de Perdrix 70cl &bull; Domaine de Gourmandaz\" \/>\n<meta property=\"og:description\" content=\"Domaine de Gourmandaz &bull; Cet Oeil de Perdrix AOC Bonvillars, est obtenu par saign\u00e9e de pinot noir. R\u00e9colt\u00e9 \u00e0 maturit\u00e9 parfaite, il d\u00e9veloppe les ar\u00f4mes caract\u00e9ristique du pinot noir tout en gardant un croquant et une fra\u00eecheur \u00e9tonnante.\" \/>\n<meta property=\"og:url\" content=\"https:\/\/www.gourmandaz.ch\/wordpress\/produit\/oeil-de-perdrix\/\" \/>\n<meta property=\"og:site_name\" content=\"Domaine de Gourmandaz\" \/>\n<meta property=\"article:publisher\" content=\"https:\/\/fr-fr.facebook.com\/domaineGourmandaz\/\" \/>\n<meta property=\"article:author\" content=\"https:\/\/www.facebook.com\/domaineGourmandaz\/\" \/>\n<meta property=\"article:modified_time\" content=\"2026-04-22T13:08:20+00:00\" \/>\n<meta property=\"og:image\" content=\"https:\/\/www.gourmandaz.ch\/wordpress\/wp-content\/uploads\/2020\/06\/DG_Oeil-de-Perdrix-scaled.jpg\" \/>\n\t<meta property=\"og:image:width\" content=\"1707\" \/>\n\t<meta property=\"og:image:height\" content=\"2560\" \/>\n<meta name=\"twitter:card\" content=\"summary_large_image\" \/>\n<script type=\"application\/ld+json\" class=\"yoast-schema-graph\">{\"@context\":\"https:\/\/schema.org\",\"@graph\":[{\"@type\":\"Organization\",\"@id\":\"https:\/\/www.gourmandaz.ch\/wordpress\/#organization\",\"name\":\"Domaine de Gourmandaz\",\"url\":\"https:\/\/www.gourmandaz.ch\/wordpress\/\",\"sameAs\":[\"https:\/\/fr-fr.facebook.com\/domaineGourmandaz\/\",\"https:\/\/www.instagram.com\/domainedegourmandaz\/\"],\"logo\":{\"@type\":\"ImageObject\",\"@id\":\"https:\/\/www.gourmandaz.ch\/wordpress\/#logo\",\"inLanguage\":\"fr-FR\",\"url\":\"https:\/\/www.gourmandaz.ch\/wordpress\/wp-content\/uploads\/2020\/06\/Logo_Gourmandaz_rouge_mobile.png\",\"width\":239,\"height\":95,\"caption\":\"Domaine de Gourmandaz\"},\"image\":{\"@id\":\"https:\/\/www.gourmandaz.ch\/wordpress\/#logo\"}},{\"@type\":\"WebSite\",\"@id\":\"https:\/\/www.gourmandaz.ch\/wordpress\/#website\",\"url\":\"https:\/\/www.gourmandaz.ch\/wordpress\/\",\"name\":\"Domaine de Gourmandaz\",\"description\":\"Qui sait d\\u00e9guster ne boit plus jamais des vins mais go\\u00fbte des secrets. Dali\",\"publisher\":{\"@id\":\"https:\/\/www.gourmandaz.ch\/wordpress\/#organization\"},\"potentialAction\":[{\"@type\":\"SearchAction\",\"target\":\"https:\/\/www.gourmandaz.ch\/wordpress\/?s={search_term_string}\",\"query-input\":\"required name=search_term_string\"}],\"inLanguage\":\"fr-FR\"},{\"@type\":\"ImageObject\",\"@id\":\"https:\/\/www.gourmandaz.ch\/wordpress\/produit\/oeil-de-perdrix\/#primaryimage\",\"inLanguage\":\"fr-FR\",\"url\":\"https:\/\/www.gourmandaz.ch\/wordpress\/wp-content\/uploads\/2020\/06\/DG_Oeil-de-Perdrix-scaled.jpg\",\"width\":1707,\"height\":2560},{\"@type\":\"WebPage\",\"@id\":\"https:\/\/www.gourmandaz.ch\/wordpress\/produit\/oeil-de-perdrix\/#webpage\",\"url\":\"https:\/\/www.gourmandaz.ch\/wordpress\/produit\/oeil-de-perdrix\/\",\"name\":\"Oeil de Perdrix 70cl &bull; Domaine de Gourmandaz\",\"isPartOf\":{\"@id\":\"https:\/\/www.gourmandaz.ch\/wordpress\/#website\"},\"primaryImageOfPage\":{\"@id\":\"https:\/\/www.gourmandaz.ch\/wordpress\/produit\/oeil-de-perdrix\/#primaryimage\"},\"datePublished\":\"2019-01-07T09:16:50+00:00\",\"dateModified\":\"2026-04-22T13:08:20+00:00\",\"description\":\"Domaine de Gourmandaz &bull; Cet Oeil de Perdrix AOC Bonvillars, est obtenu par saign\\u00e9e de pinot noir. R\\u00e9colt\\u00e9 \\u00e0 maturit\\u00e9 parfaite, il d\\u00e9veloppe les ar\\u00f4mes caract\\u00e9ristique du pinot noir tout en gardant un croquant et une fra\\u00eecheur \\u00e9tonnante.\",\"inLanguage\":\"fr-FR\",\"potentialAction\":[{\"@type\":\"ReadAction\",\"target\":[\"https:\/\/www.gourmandaz.ch\/wordpress\/produit\/oeil-de-perdrix\/\"]}]}]}<\/script>\n<!-- \/ Yoast SEO plugin. -->","_links":{"self":[{"href":"https:\/\/www.gourmandaz.ch\/wordpress\/wp-json\/wp\/v2\/product\/77","targetHints":{"allow":["GET"]}}],"collection":[{"href":"https:\/\/www.gourmandaz.ch\/wordpress\/wp-json\/wp\/v2\/product"}],"about":[{"href":"https:\/\/www.gourmandaz.ch\/wordpress\/wp-json\/wp\/v2\/types\/product"}],"replies":[{"embeddable":true,"href":"https:\/\/www.gourmandaz.ch\/wordpress\/wp-json\/wp\/v2\/comments?post=77"}],"wp:featuredmedia":[{"embeddable":true,"href":"https:\/\/www.gourmandaz.ch\/wordpress\/wp-json\/wp\/v2\/media\/4370"}],"wp:attachment":[{"href":"https:\/\/www.gourmandaz.ch\/wordpress\/wp-json\/wp\/v2\/media?parent=77"}],"wp:term":[{"taxonomy":"product_brand","embeddable":true,"href":"https:\/\/www.gourmandaz.ch\/wordpress\/wp-json\/wp\/v2\/product_brand?post=77"},{"taxonomy":"product_cat","embeddable":true,"href":"https:\/\/www.gourmandaz.ch\/wordpress\/wp-json\/wp\/v2\/product_cat?post=77"},{"taxonomy":"product_tag","embeddable":true,"href":"https:\/\/www.gourmandaz.ch\/wordpress\/wp-json\/wp\/v2\/product_tag?post=77"}],"curies":[{"name":"wp","href":"https:\/\/api.w.org\/{rel}","templated":true}]}}