{"id":78,"date":"2020-01-05T10:17:32","date_gmt":"2020-01-05T09:17:32","guid":{"rendered":"http:\/\/www.gourmandaz.ch\/wordpress\/?post_type=product&#038;p=78"},"modified":"2025-05-09T07:35:27","modified_gmt":"2025-05-09T06:35:27","slug":"pinot-noir","status":"publish","type":"product","link":"https:\/\/www.gourmandaz.ch\/wordpress\/produit\/pinot-noir\/","title":{"rendered":"Pinot noir 70cl"},"content":{"rendered":"<p>Ce <strong> Pinot Noir AOC Bonvillars<\/strong>, refl\u00e8te l\u2019\u00e9quilibre entre sol et c\u00e9page. Plant\u00e9 sur des sols d&rsquo;origine morainique ne retenant pas beaucoup d&rsquo;eau, les baies se concentrent en sucres et les tannins sont bien m\u00fbrs lors des vendanges. Ceci nous permet d&rsquo;obtenir un vin frais, mais d\u00e9gageant des ar\u00f4mes fum\u00e9s caract\u00e9ristique du Pinot Noir.<\/p>\n<p><strong>Vinification<\/strong><br \/>\nMac\u00e9ration longue, Pressurage doux.<br \/>\nNon barriqu\u00e9.<\/p>\n","protected":false},"excerpt":{"rendered":"<p><strong>Mill\u00e9sime :<\/strong> 2024<br \/>\n<strong>Appellation :<\/strong> AOC Bonvillars<br \/>\n13.5%vol.<\/p>\n<p>&nbsp;<\/p>\n<p><strong>Notes de d\u00e9gustation :<\/strong><\/p>\n<p style=\"padding-left: 0px;\">Robe : Rouge intense<br \/>\nNez : Fruits rouges <em>(Framboise, m\u00fbre, cerise)<\/em>, l\u00e9g\u00e8rement fum\u00e9<br \/>\nBouche : Tanins souples &amp; soyeux<\/p>\n<p><strong>Accord met et vin :<\/strong><\/p>\n<p style=\"padding-left: 0px;\">Notre Pinot Noir accompagnera volontiers les viandes rouges et les mets aux champignons. Osez, \u00e9galement, l&rsquo;allier avec les fromages \u00e0 p\u00e2te dure.<\/p>\n<p>&nbsp;<\/p>\n<p><strong>Service :<\/strong> Chambr\u00e9 \u00e0 15-17 C\u00b0<br \/>\n<strong>Garde :<\/strong> A boire dans les 6 ans<\/p>\n<p><strong>Bouteille :<\/strong> 70cl, bouchon li\u00e8ge<br \/>\n<strong>Carton :<\/strong> 6bt<\/p>\n<p>&nbsp;<\/p>\n<p><em>Contient des sulfites.\u00a0<\/em><\/p>\n","protected":false},"featured_media":4380,"comment_status":"open","ping_status":"closed","template":"","meta":{"_acf_changed":false},"product_brand":[],"product_cat":[23],"product_tag":[],"class_list":{"0":"post-78","1":"product","2":"type-product","3":"status-publish","4":"has-post-thumbnail","6":"product_cat-rouge","8":"first","9":"instock","10":"taxable","11":"shipping-taxable","12":"purchasable","13":"product-type-simple"},"acf":[],"yoast_head":"<!-- This site is optimized with the Yoast SEO plugin v14.4.1 - https:\/\/yoast.com\/wordpress\/plugins\/seo\/ -->\n<title>Pinot noir 70cl &bull; Domaine de Gourmandaz<\/title>\n<meta name=\"description\" content=\"Domaine de Gourmandaz &bull; Ce Pinot Noir AOC Bonvillars, refl\u00e8te l\u2019\u00e9quilibre entre sol et c\u00e9page. Plant\u00e9 sur des sols d&#039;origine morainique ne retenant pas beaucoup d&#039;eau, les baies se concentrent en sucres et les tannins sont bien m\u00fbrs lors des vendanges. Ceci nous permet d&#039;obtenir un vin frais, mais d\u00e9gageant des ar\u00f4mes fum\u00e9s caract\u00e9ristique du Pinot Noir.\" \/>\n<meta name=\"robots\" content=\"index, follow\" \/>\n<meta name=\"googlebot\" content=\"index, follow, max-snippet:-1, max-image-preview:large, max-video-preview:-1\" \/>\n<meta name=\"bingbot\" content=\"index, follow, max-snippet:-1, max-image-preview:large, max-video-preview:-1\" \/>\n<link rel=\"canonical\" href=\"https:\/\/www.gourmandaz.ch\/wordpress\/produit\/pinot-noir\/\" \/>\n<meta property=\"og:locale\" content=\"fr_FR\" \/>\n<meta property=\"og:type\" content=\"article\" \/>\n<meta property=\"og:title\" content=\"Pinot noir 70cl &bull; Domaine de Gourmandaz\" \/>\n<meta property=\"og:description\" content=\"Domaine de Gourmandaz &bull; Ce Pinot Noir AOC Bonvillars, refl\u00e8te l\u2019\u00e9quilibre entre sol et c\u00e9page. Plant\u00e9 sur des sols d&#039;origine morainique ne retenant pas beaucoup d&#039;eau, les baies se concentrent en sucres et les tannins sont bien m\u00fbrs lors des vendanges. Ceci nous permet d&#039;obtenir un vin frais, mais d\u00e9gageant des ar\u00f4mes fum\u00e9s caract\u00e9ristique du Pinot Noir.\" \/>\n<meta property=\"og:url\" content=\"https:\/\/www.gourmandaz.ch\/wordpress\/produit\/pinot-noir\/\" \/>\n<meta property=\"og:site_name\" content=\"Domaine de Gourmandaz\" \/>\n<meta property=\"article:publisher\" content=\"https:\/\/fr-fr.facebook.com\/domaineGourmandaz\/\" \/>\n<meta property=\"article:author\" content=\"https:\/\/www.facebook.com\/domaineGourmandaz\/\" \/>\n<meta property=\"article:modified_time\" content=\"2025-05-09T06:35:27+00:00\" \/>\n<meta property=\"og:image\" content=\"https:\/\/www.gourmandaz.ch\/wordpress\/wp-content\/uploads\/2020\/06\/DG_Pinot-Noir-scaled.jpg\" \/>\n\t<meta property=\"og:image:width\" content=\"1708\" \/>\n\t<meta property=\"og:image:height\" content=\"2560\" \/>\n<meta name=\"twitter:card\" content=\"summary_large_image\" \/>\n<script type=\"application\/ld+json\" class=\"yoast-schema-graph\">{\"@context\":\"https:\/\/schema.org\",\"@graph\":[{\"@type\":\"Organization\",\"@id\":\"https:\/\/www.gourmandaz.ch\/wordpress\/#organization\",\"name\":\"Domaine de Gourmandaz\",\"url\":\"https:\/\/www.gourmandaz.ch\/wordpress\/\",\"sameAs\":[\"https:\/\/fr-fr.facebook.com\/domaineGourmandaz\/\",\"https:\/\/www.instagram.com\/domainedegourmandaz\/\"],\"logo\":{\"@type\":\"ImageObject\",\"@id\":\"https:\/\/www.gourmandaz.ch\/wordpress\/#logo\",\"inLanguage\":\"fr-FR\",\"url\":\"https:\/\/www.gourmandaz.ch\/wordpress\/wp-content\/uploads\/2020\/06\/Logo_Gourmandaz_rouge_mobile.png\",\"width\":239,\"height\":95,\"caption\":\"Domaine de Gourmandaz\"},\"image\":{\"@id\":\"https:\/\/www.gourmandaz.ch\/wordpress\/#logo\"}},{\"@type\":\"WebSite\",\"@id\":\"https:\/\/www.gourmandaz.ch\/wordpress\/#website\",\"url\":\"https:\/\/www.gourmandaz.ch\/wordpress\/\",\"name\":\"Domaine de Gourmandaz\",\"description\":\"Qui sait d\\u00e9guster ne boit plus jamais des vins mais go\\u00fbte des secrets. Dali\",\"publisher\":{\"@id\":\"https:\/\/www.gourmandaz.ch\/wordpress\/#organization\"},\"potentialAction\":[{\"@type\":\"SearchAction\",\"target\":\"https:\/\/www.gourmandaz.ch\/wordpress\/?s={search_term_string}\",\"query-input\":\"required name=search_term_string\"}],\"inLanguage\":\"fr-FR\"},{\"@type\":\"ImageObject\",\"@id\":\"https:\/\/www.gourmandaz.ch\/wordpress\/produit\/pinot-noir\/#primaryimage\",\"inLanguage\":\"fr-FR\",\"url\":\"https:\/\/www.gourmandaz.ch\/wordpress\/wp-content\/uploads\/2020\/06\/DG_Pinot-Noir-scaled.jpg\",\"width\":1708,\"height\":2560},{\"@type\":\"WebPage\",\"@id\":\"https:\/\/www.gourmandaz.ch\/wordpress\/produit\/pinot-noir\/#webpage\",\"url\":\"https:\/\/www.gourmandaz.ch\/wordpress\/produit\/pinot-noir\/\",\"name\":\"Pinot noir 70cl &bull; Domaine de Gourmandaz\",\"isPartOf\":{\"@id\":\"https:\/\/www.gourmandaz.ch\/wordpress\/#website\"},\"primaryImageOfPage\":{\"@id\":\"https:\/\/www.gourmandaz.ch\/wordpress\/produit\/pinot-noir\/#primaryimage\"},\"datePublished\":\"2020-01-05T09:17:32+00:00\",\"dateModified\":\"2025-05-09T06:35:27+00:00\",\"description\":\"Domaine de Gourmandaz &bull; Ce Pinot Noir AOC Bonvillars, refl\\u00e8te l\\u2019\\u00e9quilibre entre sol et c\\u00e9page. Plant\\u00e9 sur des sols d'origine morainique ne retenant pas beaucoup d'eau, les baies se concentrent en sucres et les tannins sont bien m\\u00fbrs lors des vendanges. Ceci nous permet d'obtenir un vin frais, mais d\\u00e9gageant des ar\\u00f4mes fum\\u00e9s caract\\u00e9ristique du Pinot Noir.\",\"inLanguage\":\"fr-FR\",\"potentialAction\":[{\"@type\":\"ReadAction\",\"target\":[\"https:\/\/www.gourmandaz.ch\/wordpress\/produit\/pinot-noir\/\"]}]}]}<\/script>\n<!-- \/ Yoast SEO plugin. -->","_links":{"self":[{"href":"https:\/\/www.gourmandaz.ch\/wordpress\/wp-json\/wp\/v2\/product\/78","targetHints":{"allow":["GET"]}}],"collection":[{"href":"https:\/\/www.gourmandaz.ch\/wordpress\/wp-json\/wp\/v2\/product"}],"about":[{"href":"https:\/\/www.gourmandaz.ch\/wordpress\/wp-json\/wp\/v2\/types\/product"}],"replies":[{"embeddable":true,"href":"https:\/\/www.gourmandaz.ch\/wordpress\/wp-json\/wp\/v2\/comments?post=78"}],"wp:featuredmedia":[{"embeddable":true,"href":"https:\/\/www.gourmandaz.ch\/wordpress\/wp-json\/wp\/v2\/media\/4380"}],"wp:attachment":[{"href":"https:\/\/www.gourmandaz.ch\/wordpress\/wp-json\/wp\/v2\/media?parent=78"}],"wp:term":[{"taxonomy":"product_brand","embeddable":true,"href":"https:\/\/www.gourmandaz.ch\/wordpress\/wp-json\/wp\/v2\/product_brand?post=78"},{"taxonomy":"product_cat","embeddable":true,"href":"https:\/\/www.gourmandaz.ch\/wordpress\/wp-json\/wp\/v2\/product_cat?post=78"},{"taxonomy":"product_tag","embeddable":true,"href":"https:\/\/www.gourmandaz.ch\/wordpress\/wp-json\/wp\/v2\/product_tag?post=78"}],"curies":[{"name":"wp","href":"https:\/\/api.w.org\/{rel}","templated":true}]}}