{"id":81,"date":"2020-01-10T10:20:07","date_gmt":"2020-01-10T09:20:07","guid":{"rendered":"http:\/\/www.gourmandaz.ch\/wordpress\/?post_type=product&#038;p=81"},"modified":"2025-01-31T09:51:58","modified_gmt":"2025-01-31T08:51:58","slug":"garanoir-50-cl","status":"publish","type":"product","link":"https:\/\/www.gourmandaz.ch\/wordpress\/produit\/garanoir-50-cl\/","title":{"rendered":"Garanoir 50 cl"},"content":{"rendered":"<p>Ce <strong> Garanoir AOC Bonvillars<\/strong>, est vendang\u00e9 en premier, au tout d\u00e9but des vendanges afin de garder tout son fruit\u00e9 et sa fra\u00eecheur lors de la vinification.<\/p>\n<p><strong>Vinification<\/strong><br \/>\nMac\u00e9ration longue, Pressurage doux.<br \/>\nNon barriqu\u00e9.<\/p>\n","protected":false},"excerpt":{"rendered":"<p><strong>Appellation :<\/strong> AOC Bonvillars<br \/>\n13.5%vol.<\/p>\n<p>&nbsp;<\/p>\n<p><strong>Notes de d\u00e9gustation :<\/strong><\/p>\n<p style=\"padding-left: 0px;\">Robe : Carmin, profond<br \/>\nNez : Fruits rouges &amp; \u00e9pices<br \/>\nBouche : Tanins souples et velout\u00e9s<\/p>\n<p>&nbsp;<\/p>\n<p><strong>Accords mets et vin :<\/strong><\/p>\n<p style=\"padding-left: 0px;\">Notre Garanoir est polyvalent : que ce soit avec les viandes rouges grill\u00e9es, une chasse ou encore un fromage \u00e0 p\u00e2te molle l&rsquo;accord sera agr\u00e9able. Pour plus d&rsquo;originalit\u00e9 n&rsquo;h\u00e9sitez pas \u00e0 le servir avec un dessert au chocolat.<\/p>\n<p>&nbsp;<\/p>\n<p><strong>Service :<\/strong> Chambr\u00e9 \u00e0 15-18 C\u00b0<br \/>\n<strong>Garde :<\/strong> A boire dans les 3 ans<\/p>\n<p><strong>Bouteille :<\/strong> 50cl, bouchon \u00e0 vis<br \/>\n<strong>Carton :<\/strong> 6bt, 12bt<\/p>\n<p><em>Contient des sulfites.<\/em><\/p>\n","protected":false},"featured_media":4368,"comment_status":"open","ping_status":"closed","template":"","meta":{"_acf_changed":false},"product_brand":[],"product_cat":[23],"product_tag":[],"class_list":{"0":"post-81","1":"product","2":"type-product","3":"status-publish","4":"has-post-thumbnail","6":"product_cat-rouge","8":"first","9":"instock","10":"taxable","11":"shipping-taxable","12":"purchasable","13":"product-type-simple"},"acf":[],"yoast_head":"<!-- This site is optimized with the Yoast SEO plugin v14.4.1 - https:\/\/yoast.com\/wordpress\/plugins\/seo\/ -->\n<title>Garanoir 50 cl &bull; Domaine de Gourmandaz<\/title>\n<meta name=\"description\" content=\"Domaine de Gourmandaz &bull; Ce Garanoir AOC Bonvillars, est vendang\u00e9 en premier, au tout d\u00e9but des vendanges afin de garder tout son fruit\u00e9 et sa fra\u00eecheur lors de la vinification.\" \/>\n<meta name=\"robots\" content=\"index, follow\" \/>\n<meta name=\"googlebot\" content=\"index, follow, max-snippet:-1, max-image-preview:large, max-video-preview:-1\" \/>\n<meta name=\"bingbot\" content=\"index, follow, max-snippet:-1, max-image-preview:large, max-video-preview:-1\" \/>\n<link rel=\"canonical\" href=\"https:\/\/www.gourmandaz.ch\/wordpress\/produit\/garanoir-50-cl\/\" \/>\n<meta property=\"og:locale\" content=\"fr_FR\" \/>\n<meta property=\"og:type\" content=\"article\" \/>\n<meta property=\"og:title\" content=\"Garanoir 50 cl &bull; Domaine de Gourmandaz\" \/>\n<meta property=\"og:description\" content=\"Domaine de Gourmandaz &bull; Ce Garanoir AOC Bonvillars, est vendang\u00e9 en premier, au tout d\u00e9but des vendanges afin de garder tout son fruit\u00e9 et sa fra\u00eecheur lors de la vinification.\" \/>\n<meta property=\"og:url\" content=\"https:\/\/www.gourmandaz.ch\/wordpress\/produit\/garanoir-50-cl\/\" \/>\n<meta property=\"og:site_name\" content=\"Domaine de Gourmandaz\" \/>\n<meta property=\"article:publisher\" content=\"https:\/\/fr-fr.facebook.com\/domaineGourmandaz\/\" \/>\n<meta property=\"article:author\" content=\"https:\/\/www.facebook.com\/domaineGourmandaz\/\" \/>\n<meta property=\"article:modified_time\" content=\"2025-01-31T08:51:58+00:00\" \/>\n<meta property=\"og:image\" content=\"https:\/\/www.gourmandaz.ch\/wordpress\/wp-content\/uploads\/2020\/06\/DG_Garanoir_50-scaled.jpg\" \/>\n\t<meta property=\"og:image:width\" content=\"1707\" \/>\n\t<meta property=\"og:image:height\" content=\"2560\" \/>\n<meta name=\"twitter:card\" content=\"summary_large_image\" \/>\n<script type=\"application\/ld+json\" class=\"yoast-schema-graph\">{\"@context\":\"https:\/\/schema.org\",\"@graph\":[{\"@type\":\"Organization\",\"@id\":\"https:\/\/www.gourmandaz.ch\/wordpress\/#organization\",\"name\":\"Domaine de Gourmandaz\",\"url\":\"https:\/\/www.gourmandaz.ch\/wordpress\/\",\"sameAs\":[\"https:\/\/fr-fr.facebook.com\/domaineGourmandaz\/\",\"https:\/\/www.instagram.com\/domainedegourmandaz\/\"],\"logo\":{\"@type\":\"ImageObject\",\"@id\":\"https:\/\/www.gourmandaz.ch\/wordpress\/#logo\",\"inLanguage\":\"fr-FR\",\"url\":\"https:\/\/www.gourmandaz.ch\/wordpress\/wp-content\/uploads\/2020\/06\/Logo_Gourmandaz_rouge_mobile.png\",\"width\":239,\"height\":95,\"caption\":\"Domaine de Gourmandaz\"},\"image\":{\"@id\":\"https:\/\/www.gourmandaz.ch\/wordpress\/#logo\"}},{\"@type\":\"WebSite\",\"@id\":\"https:\/\/www.gourmandaz.ch\/wordpress\/#website\",\"url\":\"https:\/\/www.gourmandaz.ch\/wordpress\/\",\"name\":\"Domaine de Gourmandaz\",\"description\":\"Qui sait d\\u00e9guster ne boit plus jamais des vins mais go\\u00fbte des secrets. Dali\",\"publisher\":{\"@id\":\"https:\/\/www.gourmandaz.ch\/wordpress\/#organization\"},\"potentialAction\":[{\"@type\":\"SearchAction\",\"target\":\"https:\/\/www.gourmandaz.ch\/wordpress\/?s={search_term_string}\",\"query-input\":\"required name=search_term_string\"}],\"inLanguage\":\"fr-FR\"},{\"@type\":\"ImageObject\",\"@id\":\"https:\/\/www.gourmandaz.ch\/wordpress\/produit\/garanoir-50-cl\/#primaryimage\",\"inLanguage\":\"fr-FR\",\"url\":\"https:\/\/www.gourmandaz.ch\/wordpress\/wp-content\/uploads\/2020\/06\/DG_Garanoir_50-scaled.jpg\",\"width\":1707,\"height\":2560},{\"@type\":\"WebPage\",\"@id\":\"https:\/\/www.gourmandaz.ch\/wordpress\/produit\/garanoir-50-cl\/#webpage\",\"url\":\"https:\/\/www.gourmandaz.ch\/wordpress\/produit\/garanoir-50-cl\/\",\"name\":\"Garanoir 50 cl &bull; Domaine de Gourmandaz\",\"isPartOf\":{\"@id\":\"https:\/\/www.gourmandaz.ch\/wordpress\/#website\"},\"primaryImageOfPage\":{\"@id\":\"https:\/\/www.gourmandaz.ch\/wordpress\/produit\/garanoir-50-cl\/#primaryimage\"},\"datePublished\":\"2020-01-10T09:20:07+00:00\",\"dateModified\":\"2025-01-31T08:51:58+00:00\",\"description\":\"Domaine de Gourmandaz &bull; Ce Garanoir AOC Bonvillars, est vendang\\u00e9 en premier, au tout d\\u00e9but des vendanges afin de garder tout son fruit\\u00e9 et sa fra\\u00eecheur lors de la vinification.\",\"inLanguage\":\"fr-FR\",\"potentialAction\":[{\"@type\":\"ReadAction\",\"target\":[\"https:\/\/www.gourmandaz.ch\/wordpress\/produit\/garanoir-50-cl\/\"]}]}]}<\/script>\n<!-- \/ Yoast SEO plugin. -->","_links":{"self":[{"href":"https:\/\/www.gourmandaz.ch\/wordpress\/wp-json\/wp\/v2\/product\/81","targetHints":{"allow":["GET"]}}],"collection":[{"href":"https:\/\/www.gourmandaz.ch\/wordpress\/wp-json\/wp\/v2\/product"}],"about":[{"href":"https:\/\/www.gourmandaz.ch\/wordpress\/wp-json\/wp\/v2\/types\/product"}],"replies":[{"embeddable":true,"href":"https:\/\/www.gourmandaz.ch\/wordpress\/wp-json\/wp\/v2\/comments?post=81"}],"wp:featuredmedia":[{"embeddable":true,"href":"https:\/\/www.gourmandaz.ch\/wordpress\/wp-json\/wp\/v2\/media\/4368"}],"wp:attachment":[{"href":"https:\/\/www.gourmandaz.ch\/wordpress\/wp-json\/wp\/v2\/media?parent=81"}],"wp:term":[{"taxonomy":"product_brand","embeddable":true,"href":"https:\/\/www.gourmandaz.ch\/wordpress\/wp-json\/wp\/v2\/product_brand?post=81"},{"taxonomy":"product_cat","embeddable":true,"href":"https:\/\/www.gourmandaz.ch\/wordpress\/wp-json\/wp\/v2\/product_cat?post=81"},{"taxonomy":"product_tag","embeddable":true,"href":"https:\/\/www.gourmandaz.ch\/wordpress\/wp-json\/wp\/v2\/product_tag?post=81"}],"curies":[{"name":"wp","href":"https:\/\/api.w.org\/{rel}","templated":true}]}}