{"id":84,"date":"2020-01-13T10:22:15","date_gmt":"2020-01-13T09:22:15","guid":{"rendered":"http:\/\/www.gourmandaz.ch\/wordpress\/?post_type=product&#038;p=84"},"modified":"2025-07-18T09:40:13","modified_gmt":"2025-07-18T08:40:13","slug":"triopack","status":"publish","type":"product","link":"https:\/\/www.gourmandaz.ch\/wordpress\/produit\/triopack\/","title":{"rendered":"Triopack"},"content":{"rendered":"<p><strong>Appellation :<\/strong> AOC Bonvillars<\/p>\n<p><strong>Notes de d\u00e9gustation &amp; Accords mets et vin :<\/strong><br \/>\nPour le Chasselas <span style=\"color: #b03a2a;\"><a style=\"color: #b03a2a;\" href=\"http:\/\/www.gourmandaz.ch\/wordpress\/produit\/chasselas\/\" target=\"_blank\" rel=\"noopener noreferrer\"><span style=\"color: #b5a46d;\">cliquer ici<\/span><\/a><\/span><br \/>\nPour le Pinot Noir <a href=\"http:\/\/www.gourmandaz.ch\/wordpress\/produit\/pinot-noir\/\" target=\"_blank\" rel=\"noopener noreferrer\"><span style=\"color: #b5a46d;\">cliquer ici<\/span><\/a><br \/>\nPour le garanoir <a href=\"http:\/\/www.gourmandaz.ch\/wordpress\/produit\/garanoir\/\" target=\"_blank\" rel=\"noopener noreferrer\"><span style=\"color: #b5a46d;\">cliquer ici<\/span><\/a><\/p>\n","protected":false},"excerpt":{"rendered":"<p style=\"text-align: center;\"><strong>Trois cuv\u00e9es classiques, dans bel emballage en format mini. Id\u00e9al pour un joli petit cadeau ! <\/strong><\/p>\n<p>&nbsp;<\/p>\n<p style=\"text-align: center;\"><strong>Notre \u00ab TrioPack \u00bb se compose de : <\/strong>1 bt. de Chasselas 50cl, 1bt. de Pinot Noir 50cl ainsi que d&rsquo;une bt. de Garanoir 50cl<\/p>\n<p>&nbsp;<\/p>\n<p style=\"text-align: center;\">Unique, simple et original : voici le d\u00e9fi impos\u00e9. Nous avons pens\u00e9 et design\u00e9 ce coffret en interne pour rendre ces trois demi bouteilles id\u00e9ales pour \u00eatre offertes. Ainsi pour rester fid\u00e8le \u00e0 notre engagement de d\u00e9veloppement durable, nous avons fait r\u00e9aliser ce packaging chez Polyval \u00e0 Ste Croix.<br \/>\nGr\u00e2ce \u00e0 cette structure, les personnes se trouvant en difficult\u00e9 sociale peuvent travailler en toute s\u00e9r\u00e9nit\u00e9 dans un cadre adapt\u00e9.<\/p>\n","protected":false},"featured_media":4383,"comment_status":"open","ping_status":"closed","template":"","meta":{"_acf_changed":false},"product_brand":[],"product_cat":[24,230,23],"product_tag":[],"class_list":{"0":"post-84","1":"product","2":"type-product","3":"status-publish","4":"has-post-thumbnail","6":"product_cat-blanc","7":"product_cat-coffrets","8":"product_cat-rouge","10":"first","11":"instock","12":"taxable","13":"shipping-taxable","14":"purchasable","15":"product-type-simple"},"acf":[],"yoast_head":"<!-- This site is optimized with the Yoast SEO plugin v27.5 - https:\/\/yoast.com\/product\/yoast-seo-wordpress\/ -->\n<title>Triopack &#8226; Domaine de Gourmandaz<\/title>\n<meta name=\"robots\" content=\"index, follow, max-snippet:-1, max-image-preview:large, max-video-preview:-1\" \/>\n<link rel=\"canonical\" href=\"https:\/\/www.gourmandaz.ch\/wordpress\/produit\/triopack\/\" \/>\n<meta property=\"og:locale\" content=\"fr_FR\" \/>\n<meta property=\"og:type\" content=\"article\" \/>\n<meta property=\"og:title\" content=\"Triopack &#8226; Domaine de Gourmandaz\" \/>\n<meta property=\"og:description\" content=\"Trois cuv\u00e9es classiques, dans bel emballage en format mini. Id\u00e9al pour un joli petit cadeau !  &nbsp; Notre \u00ab TrioPack \u00bb se compose de : 1 bt. de Chasselas 50cl, 1bt. de Pinot Noir 50cl ainsi que d&#039;une bt. de Garanoir 50cl &nbsp; Unique, simple et original : voici le d\u00e9fi impos\u00e9. Nous avons pens\u00e9 et design\u00e9 ce coffret en interne pour rendre ces trois demi bouteilles id\u00e9ales pour \u00eatre offertes. Ainsi pour rester fid\u00e8le \u00e0 notre engagement de d\u00e9veloppement durable, nous avons fait r\u00e9aliser ce packaging chez Polyval \u00e0 Ste Croix. Gr\u00e2ce \u00e0 cette structure, les personnes se trouvant en difficult\u00e9 sociale peuvent travailler en toute s\u00e9r\u00e9nit\u00e9 dans un cadre adapt\u00e9.\" \/>\n<meta property=\"og:url\" content=\"https:\/\/www.gourmandaz.ch\/wordpress\/produit\/triopack\/\" \/>\n<meta property=\"og:site_name\" content=\"Domaine de Gourmandaz\" \/>\n<meta property=\"article:publisher\" content=\"https:\/\/fr-fr.facebook.com\/domaineGourmandaz\/\" \/>\n<meta property=\"article:modified_time\" content=\"2025-07-18T08:40:13+00:00\" \/>\n<meta property=\"og:image\" content=\"https:\/\/www.gourmandaz.ch\/wordpress\/wp-content\/uploads\/2020\/06\/DG_triopack-scaled.jpg\" \/>\n\t<meta property=\"og:image:width\" content=\"1707\" \/>\n\t<meta property=\"og:image:height\" content=\"2560\" \/>\n\t<meta property=\"og:image:type\" content=\"image\/jpeg\" \/>\n<meta name=\"twitter:card\" content=\"summary_large_image\" \/>\n<script type=\"application\/ld+json\" class=\"yoast-schema-graph\">{\"@context\":\"https:\\\/\\\/schema.org\",\"@graph\":[{\"@type\":\"WebPage\",\"@id\":\"https:\\\/\\\/www.gourmandaz.ch\\\/wordpress\\\/produit\\\/triopack\\\/\",\"url\":\"https:\\\/\\\/www.gourmandaz.ch\\\/wordpress\\\/produit\\\/triopack\\\/\",\"name\":\"Triopack &#8226; Domaine de Gourmandaz\",\"isPartOf\":{\"@id\":\"https:\\\/\\\/www.gourmandaz.ch\\\/wordpress\\\/#website\"},\"primaryImageOfPage\":{\"@id\":\"https:\\\/\\\/www.gourmandaz.ch\\\/wordpress\\\/produit\\\/triopack\\\/#primaryimage\"},\"image\":{\"@id\":\"https:\\\/\\\/www.gourmandaz.ch\\\/wordpress\\\/produit\\\/triopack\\\/#primaryimage\"},\"thumbnailUrl\":\"https:\\\/\\\/www.gourmandaz.ch\\\/wordpress\\\/wp-content\\\/uploads\\\/2020\\\/06\\\/DG_triopack-scaled.jpg\",\"datePublished\":\"2020-01-13T09:22:15+00:00\",\"dateModified\":\"2025-07-18T08:40:13+00:00\",\"breadcrumb\":{\"@id\":\"https:\\\/\\\/www.gourmandaz.ch\\\/wordpress\\\/produit\\\/triopack\\\/#breadcrumb\"},\"inLanguage\":\"fr-FR\",\"potentialAction\":[{\"@type\":\"ReadAction\",\"target\":[\"https:\\\/\\\/www.gourmandaz.ch\\\/wordpress\\\/produit\\\/triopack\\\/\"]}]},{\"@type\":\"ImageObject\",\"inLanguage\":\"fr-FR\",\"@id\":\"https:\\\/\\\/www.gourmandaz.ch\\\/wordpress\\\/produit\\\/triopack\\\/#primaryimage\",\"url\":\"https:\\\/\\\/www.gourmandaz.ch\\\/wordpress\\\/wp-content\\\/uploads\\\/2020\\\/06\\\/DG_triopack-scaled.jpg\",\"contentUrl\":\"https:\\\/\\\/www.gourmandaz.ch\\\/wordpress\\\/wp-content\\\/uploads\\\/2020\\\/06\\\/DG_triopack-scaled.jpg\",\"width\":1707,\"height\":2560},{\"@type\":\"BreadcrumbList\",\"@id\":\"https:\\\/\\\/www.gourmandaz.ch\\\/wordpress\\\/produit\\\/triopack\\\/#breadcrumb\",\"itemListElement\":[{\"@type\":\"ListItem\",\"position\":1,\"name\":\"Accueil\",\"item\":\"https:\\\/\\\/www.gourmandaz.ch\\\/wordpress\\\/\"},{\"@type\":\"ListItem\",\"position\":2,\"name\":\"test cat\u00e9gorie\",\"item\":\"https:\\\/\\\/www.gourmandaz.ch\\\/wordpress\\\/?page_id=4275\"},{\"@type\":\"ListItem\",\"position\":3,\"name\":\"Triopack\"}]},{\"@type\":\"WebSite\",\"@id\":\"https:\\\/\\\/www.gourmandaz.ch\\\/wordpress\\\/#website\",\"url\":\"https:\\\/\\\/www.gourmandaz.ch\\\/wordpress\\\/\",\"name\":\"Domaine de Gourmandaz\",\"description\":\"Qui sait d\u00e9guster ne boit plus jamais des vins mais go\u00fbte des secrets. Dali\",\"publisher\":{\"@id\":\"https:\\\/\\\/www.gourmandaz.ch\\\/wordpress\\\/#organization\"},\"potentialAction\":[{\"@type\":\"SearchAction\",\"target\":{\"@type\":\"EntryPoint\",\"urlTemplate\":\"https:\\\/\\\/www.gourmandaz.ch\\\/wordpress\\\/?s={search_term_string}\"},\"query-input\":{\"@type\":\"PropertyValueSpecification\",\"valueRequired\":true,\"valueName\":\"search_term_string\"}}],\"inLanguage\":\"fr-FR\"},{\"@type\":\"Organization\",\"@id\":\"https:\\\/\\\/www.gourmandaz.ch\\\/wordpress\\\/#organization\",\"name\":\"Domaine de Gourmandaz\",\"url\":\"https:\\\/\\\/www.gourmandaz.ch\\\/wordpress\\\/\",\"logo\":{\"@type\":\"ImageObject\",\"inLanguage\":\"fr-FR\",\"@id\":\"https:\\\/\\\/www.gourmandaz.ch\\\/wordpress\\\/#\\\/schema\\\/logo\\\/image\\\/\",\"url\":\"https:\\\/\\\/www.gourmandaz.ch\\\/wordpress\\\/wp-content\\\/uploads\\\/2020\\\/06\\\/Logo_Gourmandaz_rouge_mobile.png\",\"contentUrl\":\"https:\\\/\\\/www.gourmandaz.ch\\\/wordpress\\\/wp-content\\\/uploads\\\/2020\\\/06\\\/Logo_Gourmandaz_rouge_mobile.png\",\"width\":239,\"height\":95,\"caption\":\"Domaine de Gourmandaz\"},\"image\":{\"@id\":\"https:\\\/\\\/www.gourmandaz.ch\\\/wordpress\\\/#\\\/schema\\\/logo\\\/image\\\/\"},\"sameAs\":[\"https:\\\/\\\/fr-fr.facebook.com\\\/domaineGourmandaz\\\/\",\"https:\\\/\\\/www.instagram.com\\\/domainedegourmandaz\\\/\"]}]}<\/script>\n<!-- \/ Yoast SEO plugin. -->","yoast_head_json":{"title":"Triopack &#8226; Domaine de Gourmandaz","robots":{"index":"index","follow":"follow","max-snippet":"max-snippet:-1","max-image-preview":"max-image-preview:large","max-video-preview":"max-video-preview:-1"},"canonical":"https:\/\/www.gourmandaz.ch\/wordpress\/produit\/triopack\/","og_locale":"fr_FR","og_type":"article","og_title":"Triopack &#8226; Domaine de Gourmandaz","og_description":"Trois cuv\u00e9es classiques, dans bel emballage en format mini. Id\u00e9al pour un joli petit cadeau !  &nbsp; Notre \u00ab TrioPack \u00bb se compose de : 1 bt. de Chasselas 50cl, 1bt. de Pinot Noir 50cl ainsi que d'une bt. de Garanoir 50cl &nbsp; Unique, simple et original : voici le d\u00e9fi impos\u00e9. Nous avons pens\u00e9 et design\u00e9 ce coffret en interne pour rendre ces trois demi bouteilles id\u00e9ales pour \u00eatre offertes. Ainsi pour rester fid\u00e8le \u00e0 notre engagement de d\u00e9veloppement durable, nous avons fait r\u00e9aliser ce packaging chez Polyval \u00e0 Ste Croix. Gr\u00e2ce \u00e0 cette structure, les personnes se trouvant en difficult\u00e9 sociale peuvent travailler en toute s\u00e9r\u00e9nit\u00e9 dans un cadre adapt\u00e9.","og_url":"https:\/\/www.gourmandaz.ch\/wordpress\/produit\/triopack\/","og_site_name":"Domaine de Gourmandaz","article_publisher":"https:\/\/fr-fr.facebook.com\/domaineGourmandaz\/","article_modified_time":"2025-07-18T08:40:13+00:00","og_image":[{"width":1707,"height":2560,"url":"https:\/\/www.gourmandaz.ch\/wordpress\/wp-content\/uploads\/2020\/06\/DG_triopack-scaled.jpg","type":"image\/jpeg"}],"twitter_card":"summary_large_image","schema":{"@context":"https:\/\/schema.org","@graph":[{"@type":"WebPage","@id":"https:\/\/www.gourmandaz.ch\/wordpress\/produit\/triopack\/","url":"https:\/\/www.gourmandaz.ch\/wordpress\/produit\/triopack\/","name":"Triopack &#8226; Domaine de Gourmandaz","isPartOf":{"@id":"https:\/\/www.gourmandaz.ch\/wordpress\/#website"},"primaryImageOfPage":{"@id":"https:\/\/www.gourmandaz.ch\/wordpress\/produit\/triopack\/#primaryimage"},"image":{"@id":"https:\/\/www.gourmandaz.ch\/wordpress\/produit\/triopack\/#primaryimage"},"thumbnailUrl":"https:\/\/www.gourmandaz.ch\/wordpress\/wp-content\/uploads\/2020\/06\/DG_triopack-scaled.jpg","datePublished":"2020-01-13T09:22:15+00:00","dateModified":"2025-07-18T08:40:13+00:00","breadcrumb":{"@id":"https:\/\/www.gourmandaz.ch\/wordpress\/produit\/triopack\/#breadcrumb"},"inLanguage":"fr-FR","potentialAction":[{"@type":"ReadAction","target":["https:\/\/www.gourmandaz.ch\/wordpress\/produit\/triopack\/"]}]},{"@type":"ImageObject","inLanguage":"fr-FR","@id":"https:\/\/www.gourmandaz.ch\/wordpress\/produit\/triopack\/#primaryimage","url":"https:\/\/www.gourmandaz.ch\/wordpress\/wp-content\/uploads\/2020\/06\/DG_triopack-scaled.jpg","contentUrl":"https:\/\/www.gourmandaz.ch\/wordpress\/wp-content\/uploads\/2020\/06\/DG_triopack-scaled.jpg","width":1707,"height":2560},{"@type":"BreadcrumbList","@id":"https:\/\/www.gourmandaz.ch\/wordpress\/produit\/triopack\/#breadcrumb","itemListElement":[{"@type":"ListItem","position":1,"name":"Accueil","item":"https:\/\/www.gourmandaz.ch\/wordpress\/"},{"@type":"ListItem","position":2,"name":"test cat\u00e9gorie","item":"https:\/\/www.gourmandaz.ch\/wordpress\/?page_id=4275"},{"@type":"ListItem","position":3,"name":"Triopack"}]},{"@type":"WebSite","@id":"https:\/\/www.gourmandaz.ch\/wordpress\/#website","url":"https:\/\/www.gourmandaz.ch\/wordpress\/","name":"Domaine de Gourmandaz","description":"Qui sait d\u00e9guster ne boit plus jamais des vins mais go\u00fbte des secrets. Dali","publisher":{"@id":"https:\/\/www.gourmandaz.ch\/wordpress\/#organization"},"potentialAction":[{"@type":"SearchAction","target":{"@type":"EntryPoint","urlTemplate":"https:\/\/www.gourmandaz.ch\/wordpress\/?s={search_term_string}"},"query-input":{"@type":"PropertyValueSpecification","valueRequired":true,"valueName":"search_term_string"}}],"inLanguage":"fr-FR"},{"@type":"Organization","@id":"https:\/\/www.gourmandaz.ch\/wordpress\/#organization","name":"Domaine de Gourmandaz","url":"https:\/\/www.gourmandaz.ch\/wordpress\/","logo":{"@type":"ImageObject","inLanguage":"fr-FR","@id":"https:\/\/www.gourmandaz.ch\/wordpress\/#\/schema\/logo\/image\/","url":"https:\/\/www.gourmandaz.ch\/wordpress\/wp-content\/uploads\/2020\/06\/Logo_Gourmandaz_rouge_mobile.png","contentUrl":"https:\/\/www.gourmandaz.ch\/wordpress\/wp-content\/uploads\/2020\/06\/Logo_Gourmandaz_rouge_mobile.png","width":239,"height":95,"caption":"Domaine de Gourmandaz"},"image":{"@id":"https:\/\/www.gourmandaz.ch\/wordpress\/#\/schema\/logo\/image\/"},"sameAs":["https:\/\/fr-fr.facebook.com\/domaineGourmandaz\/","https:\/\/www.instagram.com\/domainedegourmandaz\/"]}]}},"_links":{"self":[{"href":"https:\/\/www.gourmandaz.ch\/wordpress\/wp-json\/wp\/v2\/product\/84","targetHints":{"allow":["GET"]}}],"collection":[{"href":"https:\/\/www.gourmandaz.ch\/wordpress\/wp-json\/wp\/v2\/product"}],"about":[{"href":"https:\/\/www.gourmandaz.ch\/wordpress\/wp-json\/wp\/v2\/types\/product"}],"replies":[{"embeddable":true,"href":"https:\/\/www.gourmandaz.ch\/wordpress\/wp-json\/wp\/v2\/comments?post=84"}],"wp:featuredmedia":[{"embeddable":true,"href":"https:\/\/www.gourmandaz.ch\/wordpress\/wp-json\/wp\/v2\/media\/4383"}],"wp:attachment":[{"href":"https:\/\/www.gourmandaz.ch\/wordpress\/wp-json\/wp\/v2\/media?parent=84"}],"wp:term":[{"taxonomy":"product_brand","embeddable":true,"href":"https:\/\/www.gourmandaz.ch\/wordpress\/wp-json\/wp\/v2\/product_brand?post=84"},{"taxonomy":"product_cat","embeddable":true,"href":"https:\/\/www.gourmandaz.ch\/wordpress\/wp-json\/wp\/v2\/product_cat?post=84"},{"taxonomy":"product_tag","embeddable":true,"href":"https:\/\/www.gourmandaz.ch\/wordpress\/wp-json\/wp\/v2\/product_tag?post=84"}],"curies":[{"name":"wp","href":"https:\/\/api.w.org\/{rel}","templated":true}]}}