{"id":86,"date":"2018-01-03T10:23:23","date_gmt":"2018-01-03T09:23:23","guid":{"rendered":"http:\/\/www.gourmandaz.ch\/wordpress\/?post_type=product&#038;p=86"},"modified":"2023-07-13T14:48:01","modified_gmt":"2023-07-13T13:48:01","slug":"jus-de-raisin","status":"publish","type":"product","link":"https:\/\/www.gourmandaz.ch\/wordpress\/produit\/jus-de-raisin\/","title":{"rendered":"Jus de raisin"},"content":{"rendered":"<p>Jus de raisin, 100% Chasselas, sans alcool, pasteuris\u00e9, non filtr\u00e9, 100% sucres naturels, sans sucres ajout\u00e9s.<\/p>\n<p><strong>Aussi disponible en bouteille de 75cl<\/strong>, pour plus d&rsquo;informations n&rsquo;h\u00e9sitez pas \u00e0 nous<span style=\"color: #b5a46d;\"><a style=\"color: #b5a46d;\" href=\"http:\/\/www.gourmandaz.ch\/wordpress\/contact\/\" target=\"_blank\" rel=\"noopener noreferrer\"> contacter<\/a><\/span>.<\/p>\n","protected":false},"excerpt":{"rendered":"<p>Notre <strong>Jus de Raisin est issu \u00e0 100% de Chasselas<\/strong> de notre Domaine. Un pur jus naturellement trouble car non filtr\u00e9 dans le but de conserver au maximum toutes les vitamines du raisin. Pour un r\u00e9veil fruit\u00e9, buvez le tel quel et pour une petite pause rafraichissante m\u00e9langez le avec un peu d&rsquo;eau. Id\u00e9al pour donner \u00e0 vos enfants le go\u00fbt des bonnes choses.<\/p>\n<p>&nbsp;<\/p>\n<p>Le BiB de 3L est parfait pour \u00eatre gliss\u00e9 au r\u00e9frig\u00e9rateur ou sur une \u00e9tag\u00e8re, de plus gr\u00e2ce \u00e0 la pasteurisation il se conserve sans probl\u00e8mes plusieurs semaines apr\u00e8s ouverture (m\u00eame \u00e0 temp\u00e9rature ambiante) !<\/p>\n","protected":false},"featured_media":4369,"comment_status":"open","ping_status":"closed","template":"","meta":{"_acf_changed":false},"product_brand":[],"product_cat":[24],"product_tag":[],"class_list":{"0":"post-86","1":"product","2":"type-product","3":"status-publish","4":"has-post-thumbnail","6":"product_cat-blanc","8":"first","9":"instock","10":"taxable","11":"shipping-taxable","12":"purchasable","13":"product-type-simple"},"acf":[],"yoast_head":"<!-- This site is optimized with the Yoast SEO plugin v14.4.1 - https:\/\/yoast.com\/wordpress\/plugins\/seo\/ -->\n<title>Jus de raisin &bull; Domaine de Gourmandaz<\/title>\n<meta name=\"robots\" content=\"index, follow\" \/>\n<meta name=\"googlebot\" content=\"index, follow, max-snippet:-1, max-image-preview:large, max-video-preview:-1\" \/>\n<meta name=\"bingbot\" content=\"index, follow, max-snippet:-1, max-image-preview:large, max-video-preview:-1\" \/>\n<link rel=\"canonical\" href=\"http:\/\/www.gourmandaz.ch\/wordpress\/produit\/jus-de-raisin\/\" \/>\n<meta property=\"og:locale\" content=\"fr_FR\" \/>\n<meta property=\"og:type\" content=\"article\" \/>\n<meta property=\"og:title\" content=\"Jus de raisin &bull; Domaine de Gourmandaz\" \/>\n<meta property=\"og:description\" content=\"Notre Jus de Raisin est issu \u00e0 100% de Chasselas de notre Domaine. Un pur jus naturellement trouble car non filtr\u00e9 dans le but de conserver au maximum toutes les vitamines du raisin. Pour un r\u00e9veil fruit\u00e9, buvez le tel quel et pour une petite pause rafraichissante m\u00e9langez le avec un peu d&#039;eau. Id\u00e9al pour donner \u00e0 vos enfants le go\u00fbt des bonnes choses.  &nbsp;  Le BiB de 3L est parfait pour \u00eatre gliss\u00e9 au r\u00e9frig\u00e9rateur ou sur une \u00e9tag\u00e8re, de plus gr\u00e2ce \u00e0 la pasteurisation il se conserve sans probl\u00e8mes plusieurs semaines apr\u00e8s ouverture (m\u00eame \u00e0 temp\u00e9rature ambiante) !\" \/>\n<meta property=\"og:url\" content=\"http:\/\/www.gourmandaz.ch\/wordpress\/produit\/jus-de-raisin\/\" \/>\n<meta property=\"og:site_name\" content=\"Domaine de Gourmandaz\" \/>\n<meta property=\"article:publisher\" content=\"https:\/\/fr-fr.facebook.com\/domaineGourmandaz\/\" \/>\n<meta property=\"article:author\" content=\"https:\/\/www.facebook.com\/domaineGourmandaz\/\" \/>\n<meta property=\"article:modified_time\" content=\"2023-07-13T13:48:01+00:00\" \/>\n<meta property=\"og:image\" content=\"https:\/\/www.gourmandaz.ch\/wordpress\/wp-content\/uploads\/2020\/06\/DG_jus-de-raisin-scaled.jpg\" \/>\n\t<meta property=\"og:image:width\" content=\"1707\" \/>\n\t<meta property=\"og:image:height\" content=\"2560\" \/>\n<meta name=\"twitter:card\" content=\"summary_large_image\" \/>\n<script type=\"application\/ld+json\" class=\"yoast-schema-graph\">{\"@context\":\"https:\/\/schema.org\",\"@graph\":[{\"@type\":\"Organization\",\"@id\":\"https:\/\/www.gourmandaz.ch\/wordpress\/#organization\",\"name\":\"Domaine de Gourmandaz\",\"url\":\"https:\/\/www.gourmandaz.ch\/wordpress\/\",\"sameAs\":[\"https:\/\/fr-fr.facebook.com\/domaineGourmandaz\/\",\"https:\/\/www.instagram.com\/domainedegourmandaz\/\"],\"logo\":{\"@type\":\"ImageObject\",\"@id\":\"https:\/\/www.gourmandaz.ch\/wordpress\/#logo\",\"inLanguage\":\"fr-FR\",\"url\":\"https:\/\/www.gourmandaz.ch\/wordpress\/wp-content\/uploads\/2020\/06\/Logo_Gourmandaz_rouge_mobile.png\",\"width\":239,\"height\":95,\"caption\":\"Domaine de Gourmandaz\"},\"image\":{\"@id\":\"https:\/\/www.gourmandaz.ch\/wordpress\/#logo\"}},{\"@type\":\"WebSite\",\"@id\":\"https:\/\/www.gourmandaz.ch\/wordpress\/#website\",\"url\":\"https:\/\/www.gourmandaz.ch\/wordpress\/\",\"name\":\"Domaine de Gourmandaz\",\"description\":\"Qui sait d\\u00e9guster ne boit plus jamais des vins mais go\\u00fbte des secrets. Dali\",\"publisher\":{\"@id\":\"https:\/\/www.gourmandaz.ch\/wordpress\/#organization\"},\"potentialAction\":[{\"@type\":\"SearchAction\",\"target\":\"https:\/\/www.gourmandaz.ch\/wordpress\/?s={search_term_string}\",\"query-input\":\"required name=search_term_string\"}],\"inLanguage\":\"fr-FR\"},{\"@type\":\"ImageObject\",\"@id\":\"http:\/\/www.gourmandaz.ch\/wordpress\/produit\/jus-de-raisin\/#primaryimage\",\"inLanguage\":\"fr-FR\",\"url\":\"https:\/\/www.gourmandaz.ch\/wordpress\/wp-content\/uploads\/2020\/06\/DG_jus-de-raisin-scaled.jpg\",\"width\":1707,\"height\":2560},{\"@type\":\"WebPage\",\"@id\":\"http:\/\/www.gourmandaz.ch\/wordpress\/produit\/jus-de-raisin\/#webpage\",\"url\":\"http:\/\/www.gourmandaz.ch\/wordpress\/produit\/jus-de-raisin\/\",\"name\":\"Jus de raisin &bull; Domaine de Gourmandaz\",\"isPartOf\":{\"@id\":\"https:\/\/www.gourmandaz.ch\/wordpress\/#website\"},\"primaryImageOfPage\":{\"@id\":\"http:\/\/www.gourmandaz.ch\/wordpress\/produit\/jus-de-raisin\/#primaryimage\"},\"datePublished\":\"2018-01-03T09:23:23+00:00\",\"dateModified\":\"2023-07-13T13:48:01+00:00\",\"inLanguage\":\"fr-FR\",\"potentialAction\":[{\"@type\":\"ReadAction\",\"target\":[\"http:\/\/www.gourmandaz.ch\/wordpress\/produit\/jus-de-raisin\/\"]}]}]}<\/script>\n<!-- \/ Yoast SEO plugin. -->","_links":{"self":[{"href":"https:\/\/www.gourmandaz.ch\/wordpress\/wp-json\/wp\/v2\/product\/86","targetHints":{"allow":["GET"]}}],"collection":[{"href":"https:\/\/www.gourmandaz.ch\/wordpress\/wp-json\/wp\/v2\/product"}],"about":[{"href":"https:\/\/www.gourmandaz.ch\/wordpress\/wp-json\/wp\/v2\/types\/product"}],"replies":[{"embeddable":true,"href":"https:\/\/www.gourmandaz.ch\/wordpress\/wp-json\/wp\/v2\/comments?post=86"}],"wp:featuredmedia":[{"embeddable":true,"href":"https:\/\/www.gourmandaz.ch\/wordpress\/wp-json\/wp\/v2\/media\/4369"}],"wp:attachment":[{"href":"https:\/\/www.gourmandaz.ch\/wordpress\/wp-json\/wp\/v2\/media?parent=86"}],"wp:term":[{"taxonomy":"product_brand","embeddable":true,"href":"https:\/\/www.gourmandaz.ch\/wordpress\/wp-json\/wp\/v2\/product_brand?post=86"},{"taxonomy":"product_cat","embeddable":true,"href":"https:\/\/www.gourmandaz.ch\/wordpress\/wp-json\/wp\/v2\/product_cat?post=86"},{"taxonomy":"product_tag","embeddable":true,"href":"https:\/\/www.gourmandaz.ch\/wordpress\/wp-json\/wp\/v2\/product_tag?post=86"}],"curies":[{"name":"wp","href":"https:\/\/api.w.org\/{rel}","templated":true}]}}